{"id":6212,"date":"2021-04-20T07:23:29","date_gmt":"2021-04-20T06:23:29","guid":{"rendered":"http:\/\/roadwin.eu\/market\/"},"modified":"2024-12-11T08:34:55","modified_gmt":"2024-12-11T08:34:55","slug":"rinka","status":"publish","type":"page","link":"https:\/\/roadwin.eu\/lt\/rinka\/","title":{"rendered":"Rinka"},"content":{"rendered":"<p>\u201eRoadwin\u201c prek\u0117s \u017eenkl\u0105 suk\u016br\u0117me 2008 m. Iki \u0161iol jis yra \u017einomas ir platinamas daugiau nei 20 \u0161ali\u0173 Ryt\u0173 ir \u0160iaur\u0117s Europoje, Viduriniuose Rytuose, Centrin\u0117je Azijoje.<\/p>\n<p>M\u016bs\u0173 tikslin\u0117 grup\u0117 yra \u012fgalioti distributoriai visame pasaulyje ir galutiniai klientai Baltijos \u0161alyse &#8211; parduotuv\u0117s, servisai ir transporto \u012fmoni\u0173 bei vie\u0161ojo transporto parkai. Suprantame j\u016bs\u0173 poreikius ir stengiam\u0117s pasi\u016blyti auk\u0161\u010diausios kokyb\u0117s sprendimus.<\/p>\n<p>Esame aktyv\u016bs tarptautini\u0173 parod\u0173 dalyviai \u2013 \u201eRoadwin\u201c stend\u0105 galite i\u0161vysti tokiose parodose kaip \u201eAutomechanika\u201c ir MIMS, kur siekiame ne tik parodyti produkt\u0173 asortiment\u0105, bet ir u\u017emegzti naujus ry\u0161ius.<\/p>\n<p><strong>Nuolat ple\u010diame bendradarbiavimo galimybes ir visada ie\u0161kome distributori\u0173! <\/strong>Norite prisijungti? M\u016bs\u0173 kontaktai <a href=\"https:\/\/roadwin.eu\/lt\/kontaktai\/\">\u010cIA<\/a>.<\/p>\n<p>&nbsp;<\/p>\n","protected":false},"excerpt":{"rendered":"<p>\u201eRoadwin\u201c prek\u0117s \u017eenkl\u0105 suk\u016br\u0117me 2008 m. Iki \u0161iol jis yra \u017einomas ir platinamas daugiau nei 20 \u0161ali\u0173 Ryt\u0173 ir \u0160iaur\u0117s Europoje, Viduriniuose Rytuose, Centrin\u0117je Azijoje. M\u016bs\u0173 tikslin\u0117 grup\u0117 yra \u012fgalioti distributoriai visame pasaulyje ir galutiniai klientai Baltijos \u0161alyse &#8211; parduotuv\u0117s, servisai ir transporto \u012fmoni\u0173 bei vie\u0161ojo transporto parkai. Suprantame j\u016bs\u0173 poreikius ir stengiam\u0117s pasi\u016blyti auk\u0161\u010diausios&#8230;<\/p>\n","protected":false},"author":1,"featured_media":0,"parent":0,"menu_order":0,"comment_status":"closed","ping_status":"closed","template":"templates\/market.php","meta":{"_acf_changed":false,"_themeisle_gutenberg_block_has_review":false,"footnotes":""},"class_list":["post-6212","page","type-page","status-publish","hentry"],"acf":[],"yoast_head":"<!-- This site is optimized with the Yoast SEO plugin v27.5 - https:\/\/yoast.com\/product\/yoast-seo-wordpress\/ -->\n<title>Rinka - Roadwin<\/title>\n<meta name=\"robots\" content=\"index, follow, max-snippet:-1, max-image-preview:large, max-video-preview:-1\" \/>\n<link rel=\"canonical\" href=\"https:\/\/www.roadwin.eu\/lt\/rinka\/\" \/>\n<meta property=\"og:locale\" content=\"lt_LT\" \/>\n<meta property=\"og:type\" content=\"article\" \/>\n<meta property=\"og:title\" content=\"Rinka - Roadwin\" \/>\n<meta property=\"og:description\" content=\"\u201eRoadwin\u201c prek\u0117s \u017eenkl\u0105 suk\u016br\u0117me 2008 m. Iki \u0161iol jis yra \u017einomas ir platinamas daugiau nei 20 \u0161ali\u0173 Ryt\u0173 ir \u0160iaur\u0117s Europoje, Viduriniuose Rytuose, Centrin\u0117je Azijoje. M\u016bs\u0173 tikslin\u0117 grup\u0117 yra \u012fgalioti distributoriai visame pasaulyje ir galutiniai klientai Baltijos \u0161alyse &#8211; parduotuv\u0117s, servisai ir transporto \u012fmoni\u0173 bei vie\u0161ojo transporto parkai. Suprantame j\u016bs\u0173 poreikius ir stengiam\u0117s pasi\u016blyti auk\u0161\u010diausios...\" \/>\n<meta property=\"og:url\" content=\"https:\/\/www.roadwin.eu\/lt\/rinka\/\" \/>\n<meta property=\"og:site_name\" content=\"Roadwin\" \/>\n<meta property=\"article:modified_time\" content=\"2024-12-11T08:34:55+00:00\" \/>\n<meta name=\"twitter:card\" content=\"summary_large_image\" \/>\n<meta name=\"twitter:label1\" content=\"Est. reading time\" \/>\n\t<meta name=\"twitter:data1\" content=\"1 minut\u0117\" \/>\n<script type=\"application\/ld+json\" class=\"yoast-schema-graph\">{\"@context\":\"https:\\\/\\\/schema.org\",\"@graph\":[{\"@type\":\"WebPage\",\"@id\":\"https:\\\/\\\/www.roadwin.eu\\\/lt\\\/rinka\\\/\",\"url\":\"https:\\\/\\\/www.roadwin.eu\\\/lt\\\/rinka\\\/\",\"name\":\"Rinka - Roadwin\",\"isPartOf\":{\"@id\":\"https:\\\/\\\/roadwin.eu\\\/#website\"},\"datePublished\":\"2021-04-20T06:23:29+00:00\",\"dateModified\":\"2024-12-11T08:34:55+00:00\",\"breadcrumb\":{\"@id\":\"https:\\\/\\\/www.roadwin.eu\\\/lt\\\/rinka\\\/#breadcrumb\"},\"inLanguage\":\"lt-LT\",\"potentialAction\":[{\"@type\":\"ReadAction\",\"target\":[\"https:\\\/\\\/www.roadwin.eu\\\/lt\\\/rinka\\\/\"]}]},{\"@type\":\"BreadcrumbList\",\"@id\":\"https:\\\/\\\/www.roadwin.eu\\\/lt\\\/rinka\\\/#breadcrumb\",\"itemListElement\":[{\"@type\":\"ListItem\",\"position\":1,\"name\":\"Prad\u017eia\",\"item\":\"https:\\\/\\\/roadwin.eu\\\/lt\\\/\"},{\"@type\":\"ListItem\",\"position\":2,\"name\":\"Rinka\"}]},{\"@type\":\"WebSite\",\"@id\":\"https:\\\/\\\/roadwin.eu\\\/#website\",\"url\":\"https:\\\/\\\/roadwin.eu\\\/\",\"name\":\"Roadwin\",\"description\":\"\",\"publisher\":{\"@id\":\"https:\\\/\\\/roadwin.eu\\\/#organization\"},\"potentialAction\":[{\"@type\":\"SearchAction\",\"target\":{\"@type\":\"EntryPoint\",\"urlTemplate\":\"https:\\\/\\\/roadwin.eu\\\/?s={search_term_string}\"},\"query-input\":{\"@type\":\"PropertyValueSpecification\",\"valueRequired\":true,\"valueName\":\"search_term_string\"}}],\"inLanguage\":\"lt-LT\"},{\"@type\":\"Organization\",\"@id\":\"https:\\\/\\\/roadwin.eu\\\/#organization\",\"name\":\"Jupojos Technika\",\"url\":\"https:\\\/\\\/roadwin.eu\\\/\",\"logo\":{\"@type\":\"ImageObject\",\"inLanguage\":\"lt-LT\",\"@id\":\"https:\\\/\\\/roadwin.eu\\\/#\\\/schema\\\/logo\\\/image\\\/\",\"url\":\"http:\\\/\\\/roadwin.eu\\\/wp-content\\\/uploads\\\/2021\\\/04\\\/logo.png\",\"contentUrl\":\"http:\\\/\\\/roadwin.eu\\\/wp-content\\\/uploads\\\/2021\\\/04\\\/logo.png\",\"width\":345,\"height\":39,\"caption\":\"Jupojos Technika\"},\"image\":{\"@id\":\"https:\\\/\\\/roadwin.eu\\\/#\\\/schema\\\/logo\\\/image\\\/\"}}]}<\/script>\n<!-- \/ Yoast SEO plugin. -->","yoast_head_json":{"title":"Rinka - Roadwin","robots":{"index":"index","follow":"follow","max-snippet":"max-snippet:-1","max-image-preview":"max-image-preview:large","max-video-preview":"max-video-preview:-1"},"canonical":"https:\/\/www.roadwin.eu\/lt\/rinka\/","og_locale":"lt_LT","og_type":"article","og_title":"Rinka - Roadwin","og_description":"\u201eRoadwin\u201c prek\u0117s \u017eenkl\u0105 suk\u016br\u0117me 2008 m. Iki \u0161iol jis yra \u017einomas ir platinamas daugiau nei 20 \u0161ali\u0173 Ryt\u0173 ir \u0160iaur\u0117s Europoje, Viduriniuose Rytuose, Centrin\u0117je Azijoje. M\u016bs\u0173 tikslin\u0117 grup\u0117 yra \u012fgalioti distributoriai visame pasaulyje ir galutiniai klientai Baltijos \u0161alyse &#8211; parduotuv\u0117s, servisai ir transporto \u012fmoni\u0173 bei vie\u0161ojo transporto parkai. Suprantame j\u016bs\u0173 poreikius ir stengiam\u0117s pasi\u016blyti auk\u0161\u010diausios...","og_url":"https:\/\/www.roadwin.eu\/lt\/rinka\/","og_site_name":"Roadwin","article_modified_time":"2024-12-11T08:34:55+00:00","twitter_card":"summary_large_image","twitter_misc":{"Est. reading time":"1 minut\u0117"},"schema":{"@context":"https:\/\/schema.org","@graph":[{"@type":"WebPage","@id":"https:\/\/www.roadwin.eu\/lt\/rinka\/","url":"https:\/\/www.roadwin.eu\/lt\/rinka\/","name":"Rinka - Roadwin","isPartOf":{"@id":"https:\/\/roadwin.eu\/#website"},"datePublished":"2021-04-20T06:23:29+00:00","dateModified":"2024-12-11T08:34:55+00:00","breadcrumb":{"@id":"https:\/\/www.roadwin.eu\/lt\/rinka\/#breadcrumb"},"inLanguage":"lt-LT","potentialAction":[{"@type":"ReadAction","target":["https:\/\/www.roadwin.eu\/lt\/rinka\/"]}]},{"@type":"BreadcrumbList","@id":"https:\/\/www.roadwin.eu\/lt\/rinka\/#breadcrumb","itemListElement":[{"@type":"ListItem","position":1,"name":"Prad\u017eia","item":"https:\/\/roadwin.eu\/lt\/"},{"@type":"ListItem","position":2,"name":"Rinka"}]},{"@type":"WebSite","@id":"https:\/\/roadwin.eu\/#website","url":"https:\/\/roadwin.eu\/","name":"Roadwin","description":"","publisher":{"@id":"https:\/\/roadwin.eu\/#organization"},"potentialAction":[{"@type":"SearchAction","target":{"@type":"EntryPoint","urlTemplate":"https:\/\/roadwin.eu\/?s={search_term_string}"},"query-input":{"@type":"PropertyValueSpecification","valueRequired":true,"valueName":"search_term_string"}}],"inLanguage":"lt-LT"},{"@type":"Organization","@id":"https:\/\/roadwin.eu\/#organization","name":"Jupojos Technika","url":"https:\/\/roadwin.eu\/","logo":{"@type":"ImageObject","inLanguage":"lt-LT","@id":"https:\/\/roadwin.eu\/#\/schema\/logo\/image\/","url":"http:\/\/roadwin.eu\/wp-content\/uploads\/2021\/04\/logo.png","contentUrl":"http:\/\/roadwin.eu\/wp-content\/uploads\/2021\/04\/logo.png","width":345,"height":39,"caption":"Jupojos Technika"},"image":{"@id":"https:\/\/roadwin.eu\/#\/schema\/logo\/image\/"}}]}},"_links":{"self":[{"href":"https:\/\/roadwin.eu\/lt\/wp-json\/wp\/v2\/pages\/6212","targetHints":{"allow":["GET"]}}],"collection":[{"href":"https:\/\/roadwin.eu\/lt\/wp-json\/wp\/v2\/pages"}],"about":[{"href":"https:\/\/roadwin.eu\/lt\/wp-json\/wp\/v2\/types\/page"}],"author":[{"embeddable":true,"href":"https:\/\/roadwin.eu\/lt\/wp-json\/wp\/v2\/users\/1"}],"replies":[{"embeddable":true,"href":"https:\/\/roadwin.eu\/lt\/wp-json\/wp\/v2\/comments?post=6212"}],"version-history":[{"count":4,"href":"https:\/\/roadwin.eu\/lt\/wp-json\/wp\/v2\/pages\/6212\/revisions"}],"predecessor-version":[{"id":21539,"href":"https:\/\/roadwin.eu\/lt\/wp-json\/wp\/v2\/pages\/6212\/revisions\/21539"}],"wp:attachment":[{"href":"https:\/\/roadwin.eu\/lt\/wp-json\/wp\/v2\/media?parent=6212"}],"curies":[{"name":"wp","href":"https:\/\/api.w.org\/{rel}","templated":true}]}}