{"id":6208,"date":"2021-04-20T07:23:49","date_gmt":"2021-04-20T06:23:49","guid":{"rendered":"http:\/\/roadwin.eu\/other-advantages\/"},"modified":"2025-05-14T11:23:13","modified_gmt":"2025-05-14T10:23:13","slug":"kiti-privalumai","status":"publish","type":"page","link":"https:\/\/roadwin.eu\/lt\/kiti-privalumai\/","title":{"rendered":"Kiti privalumai"},"content":{"rendered":"<p><strong>KOD\u0116L VERTA RINKTIS \u201eROADWIN\u201c?<\/strong><\/p>\n<p><span style=\"font-size: 16px;\">Mes siekiame, kad j\u016bs\u0173 patirtis b\u016bt\u0173 nepriekai\u0161tinga. Kiekvienas \u201eRoadwin\u201c privalumas sukurtas taip, kad patenkint\u0173 j\u016bs\u0173 l\u016bkes\u010dius ir u\u017etikrint\u0173 ilgalaik\u012f bendradarbiavim\u0105.<\/span><\/p>\n<p><strong>Auk\u0161\u010diausio lygio aptarnavimas<\/strong><\/p>\n<ul>\n<li><span style=\"font-size: 16px;\"><strong>Atsakingas po\u017ei\u016bris:<\/strong> m\u016bs\u0173 komanda pasirengusi greitai reaguoti \u012f visus klausimus, u\u017etikrindama skland\u0173 bendradarbiavim\u0105.<\/span><\/li>\n<li><span style=\"font-size: 16px;\"><strong>Individual\u016bs sprendimai:<\/strong> prisitaikome prie j\u016bs\u0173 poreiki\u0173, nesvarbu, ar tai b\u016bt\u0173 dideli projektai, ar ma\u017eesni u\u017esakymai.<\/span><\/li>\n<\/ul>\n<p><strong>Patikimas ir greitas pristatymas<\/strong><\/p>\n<ul>\n<li><span style=\"font-size: 16px;\"><strong>\u012evair\u016bs transportavimo b\u016bdai:<\/strong> pristatome prekes keli\u0173, oro arba vandens transportu, atsi\u017evelgiant \u012f efektyvum\u0105 ir kain\u0105.<\/span><\/li>\n<li><span style=\"font-size: 16px;\"><strong>Lankst\u016bs pristatymo terminai:<\/strong> si\u016blome DDU, CIF, CPT ir kitus variantus, kad atitiktume j\u016bs\u0173 logistikos poreikius.<\/span><\/li>\n<li><span style=\"font-size: 16px;\"><strong>Apdraustos siuntos: <\/strong>u\u017etikriname j\u016bs\u0173 ramyb\u0119, nes visos siuntos yra visi\u0161kai apdraustos.<\/span><\/li>\n<\/ul>\n<p><strong>Kokyb\u0117 ir garantijos<\/strong><\/p>\n<ul>\n<li><span style=\"font-size: 16px;\"><strong>3 met\u0173 garantija:<\/strong> visi \u201eRoadwin\u201c produktai atitinka auk\u0161\u010diausius kokyb\u0117s standartus, tod\u0117l jiems taikoma 3 met\u0173 garantija.<\/span><\/li>\n<li><span style=\"font-size: 16px;\"><strong>EAC sertifikatas:<\/strong> m\u016bs\u0173 gaminiai sertifikuoti pagal tarptautinius reikalavimus, leid\u017eiant prekiauti EAEU regione.<\/span><\/li>\n<\/ul>\n<p><strong>Konkurencingos kainos ir pripa\u017einimas<\/strong><\/p>\n<ul>\n<li><span style=\"font-size: 16px;\"><strong>Geriausia vert\u0117:<\/strong> m\u016bs\u0173 produktai sujungia auk\u0161t\u0105 kokyb\u0119 ir prieinam\u0105 kain\u0105.<\/span><\/li>\n<li><span style=\"font-size: 16px;\"><strong>Pripa\u017einimas rinkoje:<\/strong> 2019 m. m\u016bs\u0173 gaminiai buvo \u012fvertinti \u201eMet\u0173 gaminio\u201c apdovanojimu, kur\u012f suteik\u0117 Lietuvos automobili\u0173 eksporto asociacija.<\/span><\/li>\n<\/ul>\n<p><span style=\"font-size: 16px;\">\u00a0 \u00a0 \u00a0 \u00a0<img loading=\"lazy\" decoding=\"async\" class=\"size-medium wp-image-21701 alignnone\" src=\"https:\/\/roadwin.eu\/wp-content\/uploads\/2025\/02\/product-award2019-300x290.jpg\" alt=\"\" width=\"300\" height=\"290\" srcset=\"https:\/\/roadwin.eu\/wp-content\/uploads\/2025\/02\/product-award2019-300x290.jpg 300w, https:\/\/roadwin.eu\/wp-content\/uploads\/2025\/02\/product-award2019-1024x988.jpg 1024w, https:\/\/roadwin.eu\/wp-content\/uploads\/2025\/02\/product-award2019-768x741.jpg 768w, https:\/\/roadwin.eu\/wp-content\/uploads\/2025\/02\/product-award2019-1536x1483.jpg 1536w, https:\/\/roadwin.eu\/wp-content\/uploads\/2025\/02\/product-award2019-2048x1977.jpg 2048w\" sizes=\"auto, (max-width: 300px) 100vw, 300px\" \/><\/span><\/p>\n<p><strong>Rinkodaros palaikymas<\/strong><\/p>\n<ul>\n<li><span style=\"font-size: 16px;\"><strong>I\u0161skirtin\u0117 rinkodara:<\/strong> teikiame piln\u0105 rinkodaros palaikym\u0105, padedant\u012f jums efektyviau pristatyti produktus savo klientams.<\/span><\/li>\n<li><span style=\"font-size: 16px;\"><strong>Promo dovan\u0173 katalogas:<\/strong> J\u016bs\u0173 verslui si\u016blome i\u0161skirtin\u012f dovan\u0173 pasirinkim\u0105, kuris stiprina ry\u0161ius su partneriais.<\/span><\/li>\n<\/ul>\n<p><strong>Platus sand\u0117liavimo paj\u0117gumas<\/strong><\/p>\n<ul>\n<li><span style=\"font-size: 16px;\"><strong>Strateginis pasiruo\u0161imas:<\/strong> daugiau nei 5000 kv. m sand\u0117liavimo plotas u\u017etikrina greit\u0105 ir efektyv\u0173 produkt\u0173 tiekim\u0105.<\/span><\/li>\n<\/ul>\n<p><strong>\u00a0 \u00a0 \u00a0 \u00a0 <img loading=\"lazy\" decoding=\"async\" class=\"wp-image-21669 alignnone\" src=\"https:\/\/roadwin.eu\/wp-content\/uploads\/2025\/02\/sandelis4-300x76.jpg\" alt=\"\" width=\"908\" height=\"230\" srcset=\"https:\/\/roadwin.eu\/wp-content\/uploads\/2025\/02\/sandelis4-300x76.jpg 300w, https:\/\/roadwin.eu\/wp-content\/uploads\/2025\/02\/sandelis4-1024x260.jpg 1024w, https:\/\/roadwin.eu\/wp-content\/uploads\/2025\/02\/sandelis4-768x195.jpg 768w, https:\/\/roadwin.eu\/wp-content\/uploads\/2025\/02\/sandelis4-1536x390.jpg 1536w, https:\/\/roadwin.eu\/wp-content\/uploads\/2025\/02\/sandelis4-2048x520.jpg 2048w\" sizes=\"auto, (max-width: 908px) 100vw, 908px\" \/><\/strong><\/p>\n<p>&nbsp;<\/p>\n<p style=\"text-align: left;\"><span style=\"font-size: 20px;\"><strong>\u201eRoadwin\u201c \u2013 j\u016bs\u0173 patikimas partneris, kai svarbi kokyb\u0117, patikimumas ir efektyvumas.<\/strong><\/span><br \/>\n<span style=\"font-size: 16px;\">Susisiekite su mumis ir atraskite, kaip m\u016bs\u0173 sprendimai gali pagerinti j\u016bs\u0173 verslo rezultatus!<\/span><\/p>\n<p>&nbsp;<\/p>\n","protected":false},"excerpt":{"rendered":"<p>KOD\u0116L VERTA RINKTIS \u201eROADWIN\u201c? Mes siekiame, kad j\u016bs\u0173 patirtis b\u016bt\u0173 nepriekai\u0161tinga. Kiekvienas \u201eRoadwin\u201c privalumas sukurtas taip, kad patenkint\u0173 j\u016bs\u0173 l\u016bkes\u010dius ir u\u017etikrint\u0173 ilgalaik\u012f bendradarbiavim\u0105. Auk\u0161\u010diausio lygio aptarnavimas Atsakingas po\u017ei\u016bris: m\u016bs\u0173 komanda pasirengusi greitai reaguoti \u012f visus klausimus, u\u017etikrindama skland\u0173 bendradarbiavim\u0105. Individual\u016bs sprendimai: prisitaikome prie j\u016bs\u0173 poreiki\u0173, nesvarbu, ar tai b\u016bt\u0173 dideli projektai, ar ma\u017eesni u\u017esakymai&#8230;.<\/p>\n","protected":false},"author":1,"featured_media":0,"parent":0,"menu_order":0,"comment_status":"closed","ping_status":"closed","template":"","meta":{"_acf_changed":false,"_themeisle_gutenberg_block_has_review":false,"footnotes":""},"class_list":["post-6208","page","type-page","status-publish","hentry"],"acf":[],"yoast_head":"<!-- This site is optimized with the Yoast SEO plugin v27.5 - https:\/\/yoast.com\/product\/yoast-seo-wordpress\/ -->\n<title>Kiti privalumai - Roadwin<\/title>\n<meta name=\"robots\" content=\"index, follow, max-snippet:-1, max-image-preview:large, max-video-preview:-1\" \/>\n<link rel=\"canonical\" href=\"https:\/\/roadwin.eu\/lt\/kiti-privalumai\/\" \/>\n<meta property=\"og:locale\" content=\"lt_LT\" \/>\n<meta property=\"og:type\" content=\"article\" \/>\n<meta property=\"og:title\" content=\"Kiti privalumai - Roadwin\" \/>\n<meta property=\"og:description\" content=\"KOD\u0116L VERTA RINKTIS \u201eROADWIN\u201c? Mes siekiame, kad j\u016bs\u0173 patirtis b\u016bt\u0173 nepriekai\u0161tinga. Kiekvienas \u201eRoadwin\u201c privalumas sukurtas taip, kad patenkint\u0173 j\u016bs\u0173 l\u016bkes\u010dius ir u\u017etikrint\u0173 ilgalaik\u012f bendradarbiavim\u0105. Auk\u0161\u010diausio lygio aptarnavimas Atsakingas po\u017ei\u016bris: m\u016bs\u0173 komanda pasirengusi greitai reaguoti \u012f visus klausimus, u\u017etikrindama skland\u0173 bendradarbiavim\u0105. Individual\u016bs sprendimai: prisitaikome prie j\u016bs\u0173 poreiki\u0173, nesvarbu, ar tai b\u016bt\u0173 dideli projektai, ar ma\u017eesni u\u017esakymai....\" \/>\n<meta property=\"og:url\" content=\"https:\/\/roadwin.eu\/lt\/kiti-privalumai\/\" \/>\n<meta property=\"og:site_name\" content=\"Roadwin\" \/>\n<meta property=\"article:modified_time\" content=\"2025-05-14T10:23:13+00:00\" \/>\n<meta property=\"og:image\" content=\"https:\/\/roadwin.eu\/wp-content\/uploads\/2025\/02\/product-award2019-scaled.jpg\" \/>\n\t<meta property=\"og:image:width\" content=\"2560\" \/>\n\t<meta property=\"og:image:height\" content=\"2471\" \/>\n\t<meta property=\"og:image:type\" content=\"image\/jpeg\" \/>\n<meta name=\"twitter:card\" content=\"summary_large_image\" \/>\n<meta name=\"twitter:label1\" content=\"Est. reading time\" \/>\n\t<meta name=\"twitter:data1\" content=\"2 minut\u0117s\" \/>\n<script type=\"application\/ld+json\" class=\"yoast-schema-graph\">{\"@context\":\"https:\\\/\\\/schema.org\",\"@graph\":[{\"@type\":\"WebPage\",\"@id\":\"https:\\\/\\\/roadwin.eu\\\/lt\\\/kiti-privalumai\\\/\",\"url\":\"https:\\\/\\\/roadwin.eu\\\/lt\\\/kiti-privalumai\\\/\",\"name\":\"Kiti privalumai - Roadwin\",\"isPartOf\":{\"@id\":\"https:\\\/\\\/roadwin.eu\\\/#website\"},\"primaryImageOfPage\":{\"@id\":\"https:\\\/\\\/roadwin.eu\\\/lt\\\/kiti-privalumai\\\/#primaryimage\"},\"image\":{\"@id\":\"https:\\\/\\\/roadwin.eu\\\/lt\\\/kiti-privalumai\\\/#primaryimage\"},\"thumbnailUrl\":\"https:\\\/\\\/roadwin.eu\\\/wp-content\\\/uploads\\\/2025\\\/02\\\/product-award2019-300x290.jpg\",\"datePublished\":\"2021-04-20T06:23:49+00:00\",\"dateModified\":\"2025-05-14T10:23:13+00:00\",\"breadcrumb\":{\"@id\":\"https:\\\/\\\/roadwin.eu\\\/lt\\\/kiti-privalumai\\\/#breadcrumb\"},\"inLanguage\":\"lt-LT\",\"potentialAction\":[{\"@type\":\"ReadAction\",\"target\":[\"https:\\\/\\\/roadwin.eu\\\/lt\\\/kiti-privalumai\\\/\"]}]},{\"@type\":\"ImageObject\",\"inLanguage\":\"lt-LT\",\"@id\":\"https:\\\/\\\/roadwin.eu\\\/lt\\\/kiti-privalumai\\\/#primaryimage\",\"url\":\"https:\\\/\\\/roadwin.eu\\\/wp-content\\\/uploads\\\/2025\\\/02\\\/product-award2019-300x290.jpg\",\"contentUrl\":\"https:\\\/\\\/roadwin.eu\\\/wp-content\\\/uploads\\\/2025\\\/02\\\/product-award2019-300x290.jpg\"},{\"@type\":\"BreadcrumbList\",\"@id\":\"https:\\\/\\\/roadwin.eu\\\/lt\\\/kiti-privalumai\\\/#breadcrumb\",\"itemListElement\":[{\"@type\":\"ListItem\",\"position\":1,\"name\":\"Prad\u017eia\",\"item\":\"https:\\\/\\\/roadwin.eu\\\/lt\\\/\"},{\"@type\":\"ListItem\",\"position\":2,\"name\":\"Kiti privalumai\"}]},{\"@type\":\"WebSite\",\"@id\":\"https:\\\/\\\/roadwin.eu\\\/#website\",\"url\":\"https:\\\/\\\/roadwin.eu\\\/\",\"name\":\"Roadwin\",\"description\":\"\",\"publisher\":{\"@id\":\"https:\\\/\\\/roadwin.eu\\\/#organization\"},\"potentialAction\":[{\"@type\":\"SearchAction\",\"target\":{\"@type\":\"EntryPoint\",\"urlTemplate\":\"https:\\\/\\\/roadwin.eu\\\/?s={search_term_string}\"},\"query-input\":{\"@type\":\"PropertyValueSpecification\",\"valueRequired\":true,\"valueName\":\"search_term_string\"}}],\"inLanguage\":\"lt-LT\"},{\"@type\":\"Organization\",\"@id\":\"https:\\\/\\\/roadwin.eu\\\/#organization\",\"name\":\"Jupojos Technika\",\"url\":\"https:\\\/\\\/roadwin.eu\\\/\",\"logo\":{\"@type\":\"ImageObject\",\"inLanguage\":\"lt-LT\",\"@id\":\"https:\\\/\\\/roadwin.eu\\\/#\\\/schema\\\/logo\\\/image\\\/\",\"url\":\"http:\\\/\\\/roadwin.eu\\\/wp-content\\\/uploads\\\/2021\\\/04\\\/logo.png\",\"contentUrl\":\"http:\\\/\\\/roadwin.eu\\\/wp-content\\\/uploads\\\/2021\\\/04\\\/logo.png\",\"width\":345,\"height\":39,\"caption\":\"Jupojos Technika\"},\"image\":{\"@id\":\"https:\\\/\\\/roadwin.eu\\\/#\\\/schema\\\/logo\\\/image\\\/\"}}]}<\/script>\n<!-- \/ Yoast SEO plugin. -->","yoast_head_json":{"title":"Kiti privalumai - Roadwin","robots":{"index":"index","follow":"follow","max-snippet":"max-snippet:-1","max-image-preview":"max-image-preview:large","max-video-preview":"max-video-preview:-1"},"canonical":"https:\/\/roadwin.eu\/lt\/kiti-privalumai\/","og_locale":"lt_LT","og_type":"article","og_title":"Kiti privalumai - Roadwin","og_description":"KOD\u0116L VERTA RINKTIS \u201eROADWIN\u201c? Mes siekiame, kad j\u016bs\u0173 patirtis b\u016bt\u0173 nepriekai\u0161tinga. Kiekvienas \u201eRoadwin\u201c privalumas sukurtas taip, kad patenkint\u0173 j\u016bs\u0173 l\u016bkes\u010dius ir u\u017etikrint\u0173 ilgalaik\u012f bendradarbiavim\u0105. Auk\u0161\u010diausio lygio aptarnavimas Atsakingas po\u017ei\u016bris: m\u016bs\u0173 komanda pasirengusi greitai reaguoti \u012f visus klausimus, u\u017etikrindama skland\u0173 bendradarbiavim\u0105. Individual\u016bs sprendimai: prisitaikome prie j\u016bs\u0173 poreiki\u0173, nesvarbu, ar tai b\u016bt\u0173 dideli projektai, ar ma\u017eesni u\u017esakymai....","og_url":"https:\/\/roadwin.eu\/lt\/kiti-privalumai\/","og_site_name":"Roadwin","article_modified_time":"2025-05-14T10:23:13+00:00","og_image":[{"width":2560,"height":2471,"url":"https:\/\/roadwin.eu\/wp-content\/uploads\/2025\/02\/product-award2019-scaled.jpg","type":"image\/jpeg"}],"twitter_card":"summary_large_image","twitter_misc":{"Est. reading time":"2 minut\u0117s"},"schema":{"@context":"https:\/\/schema.org","@graph":[{"@type":"WebPage","@id":"https:\/\/roadwin.eu\/lt\/kiti-privalumai\/","url":"https:\/\/roadwin.eu\/lt\/kiti-privalumai\/","name":"Kiti privalumai - Roadwin","isPartOf":{"@id":"https:\/\/roadwin.eu\/#website"},"primaryImageOfPage":{"@id":"https:\/\/roadwin.eu\/lt\/kiti-privalumai\/#primaryimage"},"image":{"@id":"https:\/\/roadwin.eu\/lt\/kiti-privalumai\/#primaryimage"},"thumbnailUrl":"https:\/\/roadwin.eu\/wp-content\/uploads\/2025\/02\/product-award2019-300x290.jpg","datePublished":"2021-04-20T06:23:49+00:00","dateModified":"2025-05-14T10:23:13+00:00","breadcrumb":{"@id":"https:\/\/roadwin.eu\/lt\/kiti-privalumai\/#breadcrumb"},"inLanguage":"lt-LT","potentialAction":[{"@type":"ReadAction","target":["https:\/\/roadwin.eu\/lt\/kiti-privalumai\/"]}]},{"@type":"ImageObject","inLanguage":"lt-LT","@id":"https:\/\/roadwin.eu\/lt\/kiti-privalumai\/#primaryimage","url":"https:\/\/roadwin.eu\/wp-content\/uploads\/2025\/02\/product-award2019-300x290.jpg","contentUrl":"https:\/\/roadwin.eu\/wp-content\/uploads\/2025\/02\/product-award2019-300x290.jpg"},{"@type":"BreadcrumbList","@id":"https:\/\/roadwin.eu\/lt\/kiti-privalumai\/#breadcrumb","itemListElement":[{"@type":"ListItem","position":1,"name":"Prad\u017eia","item":"https:\/\/roadwin.eu\/lt\/"},{"@type":"ListItem","position":2,"name":"Kiti privalumai"}]},{"@type":"WebSite","@id":"https:\/\/roadwin.eu\/#website","url":"https:\/\/roadwin.eu\/","name":"Roadwin","description":"","publisher":{"@id":"https:\/\/roadwin.eu\/#organization"},"potentialAction":[{"@type":"SearchAction","target":{"@type":"EntryPoint","urlTemplate":"https:\/\/roadwin.eu\/?s={search_term_string}"},"query-input":{"@type":"PropertyValueSpecification","valueRequired":true,"valueName":"search_term_string"}}],"inLanguage":"lt-LT"},{"@type":"Organization","@id":"https:\/\/roadwin.eu\/#organization","name":"Jupojos Technika","url":"https:\/\/roadwin.eu\/","logo":{"@type":"ImageObject","inLanguage":"lt-LT","@id":"https:\/\/roadwin.eu\/#\/schema\/logo\/image\/","url":"http:\/\/roadwin.eu\/wp-content\/uploads\/2021\/04\/logo.png","contentUrl":"http:\/\/roadwin.eu\/wp-content\/uploads\/2021\/04\/logo.png","width":345,"height":39,"caption":"Jupojos Technika"},"image":{"@id":"https:\/\/roadwin.eu\/#\/schema\/logo\/image\/"}}]}},"_links":{"self":[{"href":"https:\/\/roadwin.eu\/lt\/wp-json\/wp\/v2\/pages\/6208","targetHints":{"allow":["GET"]}}],"collection":[{"href":"https:\/\/roadwin.eu\/lt\/wp-json\/wp\/v2\/pages"}],"about":[{"href":"https:\/\/roadwin.eu\/lt\/wp-json\/wp\/v2\/types\/page"}],"author":[{"embeddable":true,"href":"https:\/\/roadwin.eu\/lt\/wp-json\/wp\/v2\/users\/1"}],"replies":[{"embeddable":true,"href":"https:\/\/roadwin.eu\/lt\/wp-json\/wp\/v2\/comments?post=6208"}],"version-history":[{"count":5,"href":"https:\/\/roadwin.eu\/lt\/wp-json\/wp\/v2\/pages\/6208\/revisions"}],"predecessor-version":[{"id":21791,"href":"https:\/\/roadwin.eu\/lt\/wp-json\/wp\/v2\/pages\/6208\/revisions\/21791"}],"wp:attachment":[{"href":"https:\/\/roadwin.eu\/lt\/wp-json\/wp\/v2\/media?parent=6208"}],"curies":[{"name":"wp","href":"https:\/\/api.w.org\/{rel}","templated":true}]}}