{"id":6203,"date":"2021-04-20T07:22:57","date_gmt":"2021-04-20T06:22:57","guid":{"rendered":"http:\/\/roadwin.eu\/about\/"},"modified":"2025-02-20T09:08:57","modified_gmt":"2025-02-20T09:08:57","slug":"apie-mus","status":"publish","type":"page","link":"https:\/\/roadwin.eu\/lt\/apie-mus\/","title":{"rendered":"Apie mus"},"content":{"rendered":"<p><iframe loading=\"lazy\" title=\"Roadwin (Lithuanian)\" width=\"500\" height=\"281\" src=\"https:\/\/www.youtube.com\/embed\/eyUjZpWx3UQ?feature=oembed\" frameborder=\"0\" allow=\"accelerometer; autoplay; clipboard-write; encrypted-media; gyroscope; picture-in-picture; web-share\" referrerpolicy=\"strict-origin-when-cross-origin\" allowfullscreen><\/iframe><\/p>\n<p style=\"text-align: justify;\"><em><span style=\"font-size: 20px;\">ROADWIN: kokyb\u0117, patikimumas ir sprendimai kelyje<\/span><\/em><\/p>\n<p style=\"text-align: justify;\"><span style=\"font-size: 20px;\"><strong>Kas mes esame?<\/strong><\/span><\/p>\n<p style=\"text-align: justify;\">ROADWIN yra \u0160iaur\u0117s Europoje gim\u0119s prek\u0117s \u017eenklas, skirtas komerciniam transportui. M\u016bs\u0173 misija \u2013 pad\u0117ti jums suma\u017einti prastovas, optimizuoti veiklos efektyvum\u0105 ir u\u017etikrinti, kad j\u016bs\u0173 sunkve\u017eimiai visada b\u016bt\u0173 pasiruo\u0161\u0119 darbui.<\/p>\n<p style=\"text-align: justify;\"><span style=\"font-size: 20px;\"><strong>M\u016bs\u0173 veikla<\/strong><\/span><\/p>\n<p style=\"text-align: justify;\">M\u016bs\u0173 specializacija \u2013 komercini\u0173 transporto priemoni\u0173 atsargin\u0117s dalys. Mes dirbame su atsakingai atrinktomis gamyklomis, kurios naudoja tas pa\u010dias gamybos linijas kaip ir originalios dalys (OE). Kiekvienas ROADWIN produktas pereina grie\u017et\u0105 kokyb\u0117s patikr\u0105, naudojant AQL metodik\u0105, tod\u0117l galite b\u016bti tikri d\u0117l ilgaam\u017ei\u0161kumo ir patikimumo.<\/p>\n<p style=\"text-align: justify;\"><span style=\"font-size: 20px;\"><strong>M\u016bs\u0173 tikslas<\/strong><\/span><\/p>\n<p style=\"text-align: justify;\">ROADWIN \u0161\u016bkis \u201eLik kelyje\u201c atspindi m\u016bs\u0173 pagrindin\u012f siek\u012f \u2013 u\u017etikrinti, kad j\u016bs\u0173 transporto priemon\u0117s visada b\u016bt\u0173 eksploatuojamos. M\u016bs\u0173 dalys ne tik atitinka kokyb\u0117s standartus, bet ir padeda suma\u017einti prastovas bei i\u0161laidas.<\/p>\n<p>&nbsp;<\/p>\n<p style=\"text-align: justify;\"><span style=\"font-size: 20px;\"><strong>Kod\u0117l rinktis ROADWIN?<\/strong><\/span><\/p>\n<ul style=\"text-align: justify;\">\n<li><strong>Kokyb\u0117:<\/strong> Europin\u0117s gamybos standartai ir grie\u017eta kokyb\u0117s kontrol\u0117 u\u017etikrina, kad kiekviena dalis yra patikima.<\/li>\n<li><strong>Efektyvumas:<\/strong> M\u016bs\u0173 produktai padeda ma\u017einti transporto eksploatacines i\u0161laidas ir maksimaliai optimizuoja transporto priemoni\u0173 veikl\u0105.<\/li>\n<li><strong>Patogumas:<\/strong> Greitas ir paprastas tiekimo procesas leid\u017eia jums taupyti laik\u0105 ir j\u0117gas.<\/li>\n<\/ul>\n<p style=\"text-align: justify;\"><span style=\"font-size: 20px;\"><strong>K\u0105 mes si\u016blome?<\/strong><\/span><\/p>\n<ul style=\"text-align: justify;\">\n<li><strong>Platus pasirinkimas:<\/strong> ROADWIN asortimentas apima daugiau nei 40 produkt\u0173 grupi\u0173, skirt\u0173 Europos sunkve\u017eimiams ir priekaboms.<\/li>\n<li><strong>Nuolatinis tobul\u0117jimas:<\/strong> Kasmet ple\u010diame savo asortiment\u0105, kad atitiktume naujausius rinkos poreikius.<\/li>\n<li><strong>Garantija:<\/strong> Visiems ROADWIN produktams suteikiame garantij\u0105, tad galite pasitik\u0117ti m\u016bs\u0173 kokybe.<\/li>\n<\/ul>\n<p style=\"text-align: justify;\"><strong style=\"font-size: 20px;\">M\u016bs\u0173 istorija<\/strong><\/p>\n<p style=\"text-align: justify;\">ROADWIN istorija prasid\u0117jo daugiau nei 30 met\u0173 atgal, kai \u0161eimos verslas \u017eeng\u0117 pirmuosius \u017eingsnius sunkve\u017eimi\u0173 dali\u0173 rinkoje. Per vis\u0105 laikotarp\u012f mes augome ir tobul\u0117jome, bet niekada nepamir\u0161ome savo pagrindin\u0117s misijos \u2013 pad\u0117ti klientams jud\u0117ti pirmyn.<\/p>\n<p style=\"text-align: justify;\"><span style=\"font-size: 20px;\"><strong>Vertyb\u0117s, kuriomis vadovaujam\u0117s<\/strong><\/span><\/p>\n<ul style=\"text-align: justify;\">\n<li><strong>Klient\u0173 pasitik\u0117jimas:<\/strong> J\u016bs\u0173 s\u0117km\u0117 yra m\u016bs\u0173 prioritetas.<\/li>\n<li><strong>Inovatyvumas:<\/strong> Nuolat ie\u0161kome nauj\u0173 b\u016bd\u0173, kaip pagerinti produktus ir paslaugas.<\/li>\n<li><strong>Lankstumas:<\/strong> Suprantame, kad kiekvienas klientas yra unikalus, tad prisitaikome prie j\u016bs\u0173 poreiki\u0173.<\/li>\n<\/ul>\n","protected":false},"excerpt":{"rendered":"<p>ROADWIN: kokyb\u0117, patikimumas ir sprendimai kelyje Kas mes esame? ROADWIN yra \u0160iaur\u0117s Europoje gim\u0119s prek\u0117s \u017eenklas, skirtas komerciniam transportui. M\u016bs\u0173 misija \u2013 pad\u0117ti jums suma\u017einti prastovas, optimizuoti veiklos efektyvum\u0105 ir u\u017etikrinti, kad j\u016bs\u0173 sunkve\u017eimiai visada b\u016bt\u0173 pasiruo\u0161\u0119 darbui. M\u016bs\u0173 veikla M\u016bs\u0173 specializacija \u2013 komercini\u0173 transporto priemoni\u0173 atsargin\u0117s dalys. Mes dirbame su atsakingai atrinktomis gamyklomis, kurios&#8230;<\/p>\n","protected":false},"author":1,"featured_media":0,"parent":0,"menu_order":0,"comment_status":"closed","ping_status":"closed","template":"templates\/about.php","meta":{"_acf_changed":false,"_themeisle_gutenberg_block_has_review":false,"footnotes":""},"class_list":["post-6203","page","type-page","status-publish","hentry"],"acf":[],"yoast_head":"<!-- This site is optimized with the Yoast SEO plugin v27.2 - https:\/\/yoast.com\/product\/yoast-seo-wordpress\/ -->\n<title>Apie mus - Roadwin<\/title>\n<meta name=\"robots\" content=\"index, follow, max-snippet:-1, max-image-preview:large, max-video-preview:-1\" \/>\n<link rel=\"canonical\" href=\"https:\/\/www.roadwin.eu\/lt\/apie-mus\/\" \/>\n<meta property=\"og:locale\" content=\"lt_LT\" \/>\n<meta property=\"og:type\" content=\"article\" \/>\n<meta property=\"og:title\" content=\"Apie mus - Roadwin\" \/>\n<meta property=\"og:description\" content=\"ROADWIN: kokyb\u0117, patikimumas ir sprendimai kelyje Kas mes esame? ROADWIN yra \u0160iaur\u0117s Europoje gim\u0119s prek\u0117s \u017eenklas, skirtas komerciniam transportui. M\u016bs\u0173 misija \u2013 pad\u0117ti jums suma\u017einti prastovas, optimizuoti veiklos efektyvum\u0105 ir u\u017etikrinti, kad j\u016bs\u0173 sunkve\u017eimiai visada b\u016bt\u0173 pasiruo\u0161\u0119 darbui. M\u016bs\u0173 veikla M\u016bs\u0173 specializacija \u2013 komercini\u0173 transporto priemoni\u0173 atsargin\u0117s dalys. Mes dirbame su atsakingai atrinktomis gamyklomis, kurios...\" \/>\n<meta property=\"og:url\" content=\"https:\/\/www.roadwin.eu\/lt\/apie-mus\/\" \/>\n<meta property=\"og:site_name\" content=\"Roadwin\" \/>\n<meta property=\"article:modified_time\" content=\"2025-02-20T09:08:57+00:00\" \/>\n<meta name=\"twitter:card\" content=\"summary_large_image\" \/>\n<meta name=\"twitter:label1\" content=\"Est. reading time\" \/>\n\t<meta name=\"twitter:data1\" content=\"2 minut\u0117s\" \/>\n<script type=\"application\/ld+json\" class=\"yoast-schema-graph\">{\"@context\":\"https:\/\/schema.org\",\"@graph\":[{\"@type\":\"WebPage\",\"@id\":\"https:\/\/www.roadwin.eu\/lt\/apie-mus\/\",\"url\":\"https:\/\/www.roadwin.eu\/lt\/apie-mus\/\",\"name\":\"Apie mus - Roadwin\",\"isPartOf\":{\"@id\":\"https:\/\/roadwin.eu\/#website\"},\"datePublished\":\"2021-04-20T06:22:57+00:00\",\"dateModified\":\"2025-02-20T09:08:57+00:00\",\"breadcrumb\":{\"@id\":\"https:\/\/www.roadwin.eu\/lt\/apie-mus\/#breadcrumb\"},\"inLanguage\":\"lt-LT\",\"potentialAction\":[{\"@type\":\"ReadAction\",\"target\":[\"https:\/\/www.roadwin.eu\/lt\/apie-mus\/\"]}]},{\"@type\":\"BreadcrumbList\",\"@id\":\"https:\/\/www.roadwin.eu\/lt\/apie-mus\/#breadcrumb\",\"itemListElement\":[{\"@type\":\"ListItem\",\"position\":1,\"name\":\"Prad\u017eia\",\"item\":\"https:\/\/roadwin.eu\/lt\/\"},{\"@type\":\"ListItem\",\"position\":2,\"name\":\"Apie mus\"}]},{\"@type\":\"WebSite\",\"@id\":\"https:\/\/roadwin.eu\/#website\",\"url\":\"https:\/\/roadwin.eu\/\",\"name\":\"Roadwin\",\"description\":\"\",\"publisher\":{\"@id\":\"https:\/\/roadwin.eu\/#organization\"},\"potentialAction\":[{\"@type\":\"SearchAction\",\"target\":{\"@type\":\"EntryPoint\",\"urlTemplate\":\"https:\/\/roadwin.eu\/?s={search_term_string}\"},\"query-input\":{\"@type\":\"PropertyValueSpecification\",\"valueRequired\":true,\"valueName\":\"search_term_string\"}}],\"inLanguage\":\"lt-LT\"},{\"@type\":\"Organization\",\"@id\":\"https:\/\/roadwin.eu\/#organization\",\"name\":\"Jupojos Technika\",\"url\":\"https:\/\/roadwin.eu\/\",\"logo\":{\"@type\":\"ImageObject\",\"inLanguage\":\"lt-LT\",\"@id\":\"https:\/\/roadwin.eu\/#\/schema\/logo\/image\/\",\"url\":\"http:\/\/roadwin.eu\/wp-content\/uploads\/2021\/04\/logo.png\",\"contentUrl\":\"http:\/\/roadwin.eu\/wp-content\/uploads\/2021\/04\/logo.png\",\"width\":345,\"height\":39,\"caption\":\"Jupojos Technika\"},\"image\":{\"@id\":\"https:\/\/roadwin.eu\/#\/schema\/logo\/image\/\"}}]}<\/script>\n<!-- \/ Yoast SEO plugin. -->","yoast_head_json":{"title":"Apie mus - Roadwin","robots":{"index":"index","follow":"follow","max-snippet":"max-snippet:-1","max-image-preview":"max-image-preview:large","max-video-preview":"max-video-preview:-1"},"canonical":"https:\/\/www.roadwin.eu\/lt\/apie-mus\/","og_locale":"lt_LT","og_type":"article","og_title":"Apie mus - Roadwin","og_description":"ROADWIN: kokyb\u0117, patikimumas ir sprendimai kelyje Kas mes esame? ROADWIN yra \u0160iaur\u0117s Europoje gim\u0119s prek\u0117s \u017eenklas, skirtas komerciniam transportui. M\u016bs\u0173 misija \u2013 pad\u0117ti jums suma\u017einti prastovas, optimizuoti veiklos efektyvum\u0105 ir u\u017etikrinti, kad j\u016bs\u0173 sunkve\u017eimiai visada b\u016bt\u0173 pasiruo\u0161\u0119 darbui. M\u016bs\u0173 veikla M\u016bs\u0173 specializacija \u2013 komercini\u0173 transporto priemoni\u0173 atsargin\u0117s dalys. Mes dirbame su atsakingai atrinktomis gamyklomis, kurios...","og_url":"https:\/\/www.roadwin.eu\/lt\/apie-mus\/","og_site_name":"Roadwin","article_modified_time":"2025-02-20T09:08:57+00:00","twitter_card":"summary_large_image","twitter_misc":{"Est. reading time":"2 minut\u0117s"},"schema":{"@context":"https:\/\/schema.org","@graph":[{"@type":"WebPage","@id":"https:\/\/www.roadwin.eu\/lt\/apie-mus\/","url":"https:\/\/www.roadwin.eu\/lt\/apie-mus\/","name":"Apie mus - Roadwin","isPartOf":{"@id":"https:\/\/roadwin.eu\/#website"},"datePublished":"2021-04-20T06:22:57+00:00","dateModified":"2025-02-20T09:08:57+00:00","breadcrumb":{"@id":"https:\/\/www.roadwin.eu\/lt\/apie-mus\/#breadcrumb"},"inLanguage":"lt-LT","potentialAction":[{"@type":"ReadAction","target":["https:\/\/www.roadwin.eu\/lt\/apie-mus\/"]}]},{"@type":"BreadcrumbList","@id":"https:\/\/www.roadwin.eu\/lt\/apie-mus\/#breadcrumb","itemListElement":[{"@type":"ListItem","position":1,"name":"Prad\u017eia","item":"https:\/\/roadwin.eu\/lt\/"},{"@type":"ListItem","position":2,"name":"Apie mus"}]},{"@type":"WebSite","@id":"https:\/\/roadwin.eu\/#website","url":"https:\/\/roadwin.eu\/","name":"Roadwin","description":"","publisher":{"@id":"https:\/\/roadwin.eu\/#organization"},"potentialAction":[{"@type":"SearchAction","target":{"@type":"EntryPoint","urlTemplate":"https:\/\/roadwin.eu\/?s={search_term_string}"},"query-input":{"@type":"PropertyValueSpecification","valueRequired":true,"valueName":"search_term_string"}}],"inLanguage":"lt-LT"},{"@type":"Organization","@id":"https:\/\/roadwin.eu\/#organization","name":"Jupojos Technika","url":"https:\/\/roadwin.eu\/","logo":{"@type":"ImageObject","inLanguage":"lt-LT","@id":"https:\/\/roadwin.eu\/#\/schema\/logo\/image\/","url":"http:\/\/roadwin.eu\/wp-content\/uploads\/2021\/04\/logo.png","contentUrl":"http:\/\/roadwin.eu\/wp-content\/uploads\/2021\/04\/logo.png","width":345,"height":39,"caption":"Jupojos Technika"},"image":{"@id":"https:\/\/roadwin.eu\/#\/schema\/logo\/image\/"}}]}},"_links":{"self":[{"href":"https:\/\/roadwin.eu\/lt\/wp-json\/wp\/v2\/pages\/6203","targetHints":{"allow":["GET"]}}],"collection":[{"href":"https:\/\/roadwin.eu\/lt\/wp-json\/wp\/v2\/pages"}],"about":[{"href":"https:\/\/roadwin.eu\/lt\/wp-json\/wp\/v2\/types\/page"}],"author":[{"embeddable":true,"href":"https:\/\/roadwin.eu\/lt\/wp-json\/wp\/v2\/users\/1"}],"replies":[{"embeddable":true,"href":"https:\/\/roadwin.eu\/lt\/wp-json\/wp\/v2\/comments?post=6203"}],"version-history":[{"count":3,"href":"https:\/\/roadwin.eu\/lt\/wp-json\/wp\/v2\/pages\/6203\/revisions"}],"predecessor-version":[{"id":21731,"href":"https:\/\/roadwin.eu\/lt\/wp-json\/wp\/v2\/pages\/6203\/revisions\/21731"}],"wp:attachment":[{"href":"https:\/\/roadwin.eu\/lt\/wp-json\/wp\/v2\/media?parent=6203"}],"curies":[{"name":"wp","href":"https:\/\/api.w.org\/{rel}","templated":true}]}}