{"id":21891,"date":"2025-05-26T07:12:50","date_gmt":"2025-05-26T06:12:50","guid":{"rendered":"https:\/\/roadwin.eu\/?page_id=21891"},"modified":"2025-06-09T11:53:49","modified_gmt":"2025-06-09T10:53:49","slug":"garantija","status":"publish","type":"page","link":"https:\/\/roadwin.eu\/lt\/garantija\/","title":{"rendered":"Garantija"},"content":{"rendered":"<p style=\"text-align: justify;\"><span style=\"font-size: 24px;\"><strong>ROADWIN 3 MET\u0172 GAMINTOJO GARANTIJA<\/strong><\/span><\/p>\n<p style=\"text-align: justify;\"><span style=\"font-size: 24px;\"><strong><span style=\"font-size: 20px;\"><img loading=\"lazy\" decoding=\"async\" class=\"wp-image-21917 alignnone\" src=\"https:\/\/roadwin.eu\/wp-content\/uploads\/2025\/06\/3-metu-garantija-300x198.png\" alt=\"\" width=\"281\" height=\"186\" srcset=\"https:\/\/roadwin.eu\/wp-content\/uploads\/2025\/06\/3-metu-garantija-300x198.png 300w, https:\/\/roadwin.eu\/wp-content\/uploads\/2025\/06\/3-metu-garantija-1024x677.png 1024w, https:\/\/roadwin.eu\/wp-content\/uploads\/2025\/06\/3-metu-garantija-768x508.png 768w, https:\/\/roadwin.eu\/wp-content\/uploads\/2025\/06\/3-metu-garantija-1536x1015.png 1536w, https:\/\/roadwin.eu\/wp-content\/uploads\/2025\/06\/3-metu-garantija.png 1850w\" sizes=\"auto, (max-width: 281px) 100vw, 281px\" \/><\/span><\/strong><\/span><\/p>\n<p style=\"text-align: justify;\"><strong>1. Garantijos galiojimas<\/strong><\/p>\n<p style=\"text-align: justify;\">ROADWIN suteikia 3 met\u0173 gamintojo garantij\u0105 visoms ROADWIN atsargin\u0117ms dalims, \u012fsigytoms nuo 2025 m. gegu\u017e\u0117s 1 d. Garantija taikoma tiek prekybininkams, tiek servisams ar transporto priemoni\u0173 savininkams, \u012fsigijusiems ir sumontavusiems dal\u012f. Garantijos terminas pradedamas skai\u010diuoti nuo sumontavimo transporto priemon\u0117je datos arba, jei montavimo data ne\u017einoma \u2013 nuo pirkimo datos. Garantijos taikym\u0105 parei\u0161k\u0117jas turi pagr\u012fsti pateikdamas dokumentus.<\/p>\n<p style=\"text-align: justify;\"><strong>2. Garantijos objektas<\/strong><\/p>\n<p style=\"text-align: justify;\">Garantija apima tik pradinius med\u017eiag\u0173 ir gamybos defektus, t. y. tr\u016bkumus, kurie egzistavo prek\u0117s pardavimo momentu. Defektas laikomas garantiniu, jei dalis neatitinka susitart\u0173 ar \u012fprastai taikom\u0173 kokyb\u0117s ir funkcionalumo kriterij\u0173. Parei\u0161k\u0117jas turi \u012frodyti tokio defekto buvim\u0105 naudodamas \u012fsigijimo, montavimo dokumentus ir (jei pra\u0161oma) pateikdamas pa\u010di\u0105 dal\u012f ekspertizei.<\/p>\n<p style=\"text-align: justify;\"><strong>3. Garantijos vykdymas<\/strong><\/p>\n<p style=\"text-align: justify;\">Patvirtinus garantin\u012f atvej\u012f, ROADWIN pasilieka teis\u0119 pasirinkti vien\u0105 i\u0161 \u0161i\u0173 sprendim\u0173:<br \/>\n&#8211; Nemokamai pakeisti nekokybi\u0161k\u0105 dal\u012f \u012f nauj\u0105 arba atnaujint\u0105 (remontuot\u0105) detal\u0119;<br \/>\n&#8211; Gr\u0105\u017einti produkto vert\u0119, nurodyt\u0105 pirkimo dokumentuose.<br \/>\nPakeista dalis bus tokios pa\u010dios paskirties ir kokyb\u0117s, bet gali skirtis pagal model\u012f ar partij\u0105. Garantijos suteikimas neapima papildom\u0173 i\u0161laid\u0173, toki\u0173 kaip montavimo, i\u0161montavimo, transporto prastov\u0173 ar kit\u0173 netiesiogini\u0173 nuostoli\u0173 padengimo.<\/p>\n<p style=\"text-align: justify;\"><strong>4. Garantijos netaikymo atvejai<\/strong><\/p>\n<p style=\"text-align: justify;\">Garantija negalioja, jei defektas atsirado d\u0117l:<br \/>\n&#8211; \u012eprasto nusid\u0117v\u0117jimo ar nat\u016bralaus dali\u0173 sen\u0117jimo;<br \/>\n&#8211; Netinkamo montavimo, atlikto neprofesionaliai ar nesilaikant montavimo instrukcij\u0173;<br \/>\n&#8211; Transportavimo pa\u017eeidim\u0173, blogo laikymo ar klimato poveikio;<br \/>\n&#8211; Naudojimo netinkamoje transporto priemon\u0117je ar kitaip nei numatyta paskirtis;<br \/>\n&#8211; Neleistin\u0173 konstrukcini\u0173 modifikacij\u0173, plomb\u0173 pa\u017eeidimo, serijini\u0173 numeri\u0173 pa\u0161alinimo;<br \/>\n&#8211; Nelaiming\u0173 atsitikim\u0173, ekstremali\u0173 s\u0105lyg\u0173 ar force majeure situacij\u0173.<\/p>\n<p style=\"text-align: justify;\"><strong>5. Pretenzijos pateikimo tvarka<\/strong><\/p>\n<p style=\"text-align: justify;\">Nor\u0117damas pateikti garantin\u0119 pretenzij\u0105, klientas privalo u\u017epildyti internetin\u0119 anket\u0105, esan\u010di\u0105 adresu <a href=\"http:\/\/jupojostechnika.eu\/reklamacija\/\" target=\"_blank\" rel=\"noopener\">jupojostechnika.eu\/reklamacija\/<\/a> <br \/>\nKilus neai\u0161kumams gali kreiptis el. pa\u0161tu <a href=\"mailto:warranty@roadwin.eu\" target=\"_blank\" rel=\"noopener\">warranty@roadwin.eu<\/a>. <br \/>\nPretenzija i\u0161nagrin\u0117jama ir atsakymas parei\u0161k\u0117jui pateikiamas per 14 dien\u0173.<\/p>\n<p style=\"text-align: justify;\">ROADWIN gali pra\u0161yti pateikti prek\u0119 fizinei ap\u017ei\u016brai. Prek\u0117 turi b\u016bti pristatyta pardav\u0117jui. Atskirais atvejais, jei naudojamas kurjeris, siuntimo i\u0161laidas padengia klientas. Patvirtinus garantin\u012f atvej\u012f siuntimo vert\u0117 bus kompensuojama. Nepagr\u012fstos pretenzijos atveju gali b\u016bti taikomas 100 \u20ac administracinis mokestis.<\/p>\n<p style=\"text-align: justify;\"><strong>6. Garantijos apribojimai ir teis\u0117s<\/strong><\/p>\n<p style=\"text-align: justify;\">Garantija taikoma tik pirmam j\u0105 parei\u0161kusiam asmeniui. Jos taikymas neprat\u0119sia bendro garantinio laikotarpio ir netaikomas pakeistai detalei kaip naujam ciklui. \u0160i garantija neturi \u012ftakos \u012fstatymin\u0117ms pirk\u0117jo teis\u0117ms, numatytoms nacionalin\u0117je teis\u0117je. Taikoma Lietuvos Respublikos teis\u0117. ROADWIN pasilieka teis\u0119 atnaujinti \u0161ias s\u0105lygas \u2013 naujausia versija skelbiama svetain\u0117je www.roadwin.eu.<\/p>\n<p style=\"text-align: justify;\"><strong>7. Garantijos teik\u0117jas<\/strong><\/p>\n<p style=\"text-align: justify;\">Garantij\u0105 teikia ir ekspertiz\u0119 atlieka prek\u0117s \u017eenklo ROADWIN savininkas UAB \u201eJupojos technika\u201c, \u012fm. k. 145409974, PVM kodas LT454099716, Sodo g.35B, \u0160iauliai, Lietuva.<\/p>\n<p>&nbsp;<\/p>\n<p><a href=\"https:\/\/roadwin.eu\/wp-content\/uploads\/2025\/06\/roadwin-3-metu-gamintojo-garantija-1.pdf\" target=\"_blank\" rel=\"noopener\"><img loading=\"lazy\" decoding=\"async\" class=\"alignnone wp-image-22053\" src=\"https:\/\/roadwin.eu\/wp-content\/uploads\/2025\/06\/atsisiusti-300x78.png\" alt=\"\" width=\"181\" height=\"47\" srcset=\"https:\/\/roadwin.eu\/wp-content\/uploads\/2025\/06\/atsisiusti-300x78.png 300w, https:\/\/roadwin.eu\/wp-content\/uploads\/2025\/06\/atsisiusti.png 748w\" sizes=\"auto, (max-width: 181px) 100vw, 181px\" \/><\/a><\/p>\n","protected":false},"excerpt":{"rendered":"<p>ROADWIN 3 MET\u0172 GAMINTOJO GARANTIJA 1. Garantijos galiojimas ROADWIN suteikia 3 met\u0173 gamintojo garantij\u0105 visoms ROADWIN atsargin\u0117ms dalims, \u012fsigytoms nuo 2025 m. gegu\u017e\u0117s 1 d. Garantija taikoma tiek prekybininkams, tiek servisams ar transporto priemoni\u0173 savininkams, \u012fsigijusiems ir sumontavusiems dal\u012f. Garantijos terminas pradedamas skai\u010diuoti nuo sumontavimo transporto priemon\u0117je datos arba, jei montavimo data ne\u017einoma \u2013 nuo&#8230;<\/p>\n","protected":false},"author":2,"featured_media":0,"parent":0,"menu_order":0,"comment_status":"closed","ping_status":"closed","template":"","meta":{"_acf_changed":false,"_themeisle_gutenberg_block_has_review":false,"footnotes":""},"class_list":["post-21891","page","type-page","status-publish","hentry"],"acf":[],"yoast_head":"<!-- This site is optimized with the Yoast SEO plugin v27.2 - https:\/\/yoast.com\/product\/yoast-seo-wordpress\/ -->\n<title>Garantija - Roadwin<\/title>\n<meta name=\"robots\" content=\"index, follow, max-snippet:-1, max-image-preview:large, max-video-preview:-1\" \/>\n<link rel=\"canonical\" href=\"https:\/\/roadwin.eu\/lt\/garantija\/\" \/>\n<meta property=\"og:locale\" content=\"lt_LT\" \/>\n<meta property=\"og:type\" content=\"article\" \/>\n<meta property=\"og:title\" content=\"Garantija - Roadwin\" \/>\n<meta property=\"og:description\" content=\"ROADWIN 3 MET\u0172 GAMINTOJO GARANTIJA 1. Garantijos galiojimas ROADWIN suteikia 3 met\u0173 gamintojo garantij\u0105 visoms ROADWIN atsargin\u0117ms dalims, \u012fsigytoms nuo 2025 m. gegu\u017e\u0117s 1 d. Garantija taikoma tiek prekybininkams, tiek servisams ar transporto priemoni\u0173 savininkams, \u012fsigijusiems ir sumontavusiems dal\u012f. Garantijos terminas pradedamas skai\u010diuoti nuo sumontavimo transporto priemon\u0117je datos arba, jei montavimo data ne\u017einoma \u2013 nuo...\" \/>\n<meta property=\"og:url\" content=\"https:\/\/roadwin.eu\/lt\/garantija\/\" \/>\n<meta property=\"og:site_name\" content=\"Roadwin\" \/>\n<meta property=\"article:modified_time\" content=\"2025-06-09T10:53:49+00:00\" \/>\n<meta property=\"og:image\" content=\"https:\/\/roadwin.eu\/wp-content\/uploads\/2025\/06\/3-metu-garantija.png\" \/>\n\t<meta property=\"og:image:width\" content=\"1850\" \/>\n\t<meta property=\"og:image:height\" content=\"1223\" \/>\n\t<meta property=\"og:image:type\" content=\"image\/png\" \/>\n<meta name=\"twitter:card\" content=\"summary_large_image\" \/>\n<meta name=\"twitter:label1\" content=\"Est. reading time\" \/>\n\t<meta name=\"twitter:data1\" content=\"3 minut\u0117s\" \/>\n<script type=\"application\/ld+json\" class=\"yoast-schema-graph\">{\"@context\":\"https:\/\/schema.org\",\"@graph\":[{\"@type\":\"WebPage\",\"@id\":\"https:\/\/roadwin.eu\/lt\/garantija\/\",\"url\":\"https:\/\/roadwin.eu\/lt\/garantija\/\",\"name\":\"Garantija - Roadwin\",\"isPartOf\":{\"@id\":\"https:\/\/roadwin.eu\/#website\"},\"primaryImageOfPage\":{\"@id\":\"https:\/\/roadwin.eu\/lt\/garantija\/#primaryimage\"},\"image\":{\"@id\":\"https:\/\/roadwin.eu\/lt\/garantija\/#primaryimage\"},\"thumbnailUrl\":\"https:\/\/roadwin.eu\/wp-content\/uploads\/2025\/06\/3-metu-garantija-300x198.png\",\"datePublished\":\"2025-05-26T06:12:50+00:00\",\"dateModified\":\"2025-06-09T10:53:49+00:00\",\"breadcrumb\":{\"@id\":\"https:\/\/roadwin.eu\/lt\/garantija\/#breadcrumb\"},\"inLanguage\":\"lt-LT\",\"potentialAction\":[{\"@type\":\"ReadAction\",\"target\":[\"https:\/\/roadwin.eu\/lt\/garantija\/\"]}]},{\"@type\":\"ImageObject\",\"inLanguage\":\"lt-LT\",\"@id\":\"https:\/\/roadwin.eu\/lt\/garantija\/#primaryimage\",\"url\":\"https:\/\/roadwin.eu\/wp-content\/uploads\/2025\/06\/3-metu-garantija-300x198.png\",\"contentUrl\":\"https:\/\/roadwin.eu\/wp-content\/uploads\/2025\/06\/3-metu-garantija-300x198.png\"},{\"@type\":\"BreadcrumbList\",\"@id\":\"https:\/\/roadwin.eu\/lt\/garantija\/#breadcrumb\",\"itemListElement\":[{\"@type\":\"ListItem\",\"position\":1,\"name\":\"Prad\u017eia\",\"item\":\"https:\/\/roadwin.eu\/lt\/\"},{\"@type\":\"ListItem\",\"position\":2,\"name\":\"Garantija\"}]},{\"@type\":\"WebSite\",\"@id\":\"https:\/\/roadwin.eu\/#website\",\"url\":\"https:\/\/roadwin.eu\/\",\"name\":\"Roadwin\",\"description\":\"\",\"publisher\":{\"@id\":\"https:\/\/roadwin.eu\/#organization\"},\"potentialAction\":[{\"@type\":\"SearchAction\",\"target\":{\"@type\":\"EntryPoint\",\"urlTemplate\":\"https:\/\/roadwin.eu\/?s={search_term_string}\"},\"query-input\":{\"@type\":\"PropertyValueSpecification\",\"valueRequired\":true,\"valueName\":\"search_term_string\"}}],\"inLanguage\":\"lt-LT\"},{\"@type\":\"Organization\",\"@id\":\"https:\/\/roadwin.eu\/#organization\",\"name\":\"Jupojos Technika\",\"url\":\"https:\/\/roadwin.eu\/\",\"logo\":{\"@type\":\"ImageObject\",\"inLanguage\":\"lt-LT\",\"@id\":\"https:\/\/roadwin.eu\/#\/schema\/logo\/image\/\",\"url\":\"http:\/\/roadwin.eu\/wp-content\/uploads\/2021\/04\/logo.png\",\"contentUrl\":\"http:\/\/roadwin.eu\/wp-content\/uploads\/2021\/04\/logo.png\",\"width\":345,\"height\":39,\"caption\":\"Jupojos Technika\"},\"image\":{\"@id\":\"https:\/\/roadwin.eu\/#\/schema\/logo\/image\/\"}}]}<\/script>\n<!-- \/ Yoast SEO plugin. -->","yoast_head_json":{"title":"Garantija - Roadwin","robots":{"index":"index","follow":"follow","max-snippet":"max-snippet:-1","max-image-preview":"max-image-preview:large","max-video-preview":"max-video-preview:-1"},"canonical":"https:\/\/roadwin.eu\/lt\/garantija\/","og_locale":"lt_LT","og_type":"article","og_title":"Garantija - Roadwin","og_description":"ROADWIN 3 MET\u0172 GAMINTOJO GARANTIJA 1. Garantijos galiojimas ROADWIN suteikia 3 met\u0173 gamintojo garantij\u0105 visoms ROADWIN atsargin\u0117ms dalims, \u012fsigytoms nuo 2025 m. gegu\u017e\u0117s 1 d. Garantija taikoma tiek prekybininkams, tiek servisams ar transporto priemoni\u0173 savininkams, \u012fsigijusiems ir sumontavusiems dal\u012f. Garantijos terminas pradedamas skai\u010diuoti nuo sumontavimo transporto priemon\u0117je datos arba, jei montavimo data ne\u017einoma \u2013 nuo...","og_url":"https:\/\/roadwin.eu\/lt\/garantija\/","og_site_name":"Roadwin","article_modified_time":"2025-06-09T10:53:49+00:00","og_image":[{"width":1850,"height":1223,"url":"https:\/\/roadwin.eu\/wp-content\/uploads\/2025\/06\/3-metu-garantija.png","type":"image\/png"}],"twitter_card":"summary_large_image","twitter_misc":{"Est. reading time":"3 minut\u0117s"},"schema":{"@context":"https:\/\/schema.org","@graph":[{"@type":"WebPage","@id":"https:\/\/roadwin.eu\/lt\/garantija\/","url":"https:\/\/roadwin.eu\/lt\/garantija\/","name":"Garantija - Roadwin","isPartOf":{"@id":"https:\/\/roadwin.eu\/#website"},"primaryImageOfPage":{"@id":"https:\/\/roadwin.eu\/lt\/garantija\/#primaryimage"},"image":{"@id":"https:\/\/roadwin.eu\/lt\/garantija\/#primaryimage"},"thumbnailUrl":"https:\/\/roadwin.eu\/wp-content\/uploads\/2025\/06\/3-metu-garantija-300x198.png","datePublished":"2025-05-26T06:12:50+00:00","dateModified":"2025-06-09T10:53:49+00:00","breadcrumb":{"@id":"https:\/\/roadwin.eu\/lt\/garantija\/#breadcrumb"},"inLanguage":"lt-LT","potentialAction":[{"@type":"ReadAction","target":["https:\/\/roadwin.eu\/lt\/garantija\/"]}]},{"@type":"ImageObject","inLanguage":"lt-LT","@id":"https:\/\/roadwin.eu\/lt\/garantija\/#primaryimage","url":"https:\/\/roadwin.eu\/wp-content\/uploads\/2025\/06\/3-metu-garantija-300x198.png","contentUrl":"https:\/\/roadwin.eu\/wp-content\/uploads\/2025\/06\/3-metu-garantija-300x198.png"},{"@type":"BreadcrumbList","@id":"https:\/\/roadwin.eu\/lt\/garantija\/#breadcrumb","itemListElement":[{"@type":"ListItem","position":1,"name":"Prad\u017eia","item":"https:\/\/roadwin.eu\/lt\/"},{"@type":"ListItem","position":2,"name":"Garantija"}]},{"@type":"WebSite","@id":"https:\/\/roadwin.eu\/#website","url":"https:\/\/roadwin.eu\/","name":"Roadwin","description":"","publisher":{"@id":"https:\/\/roadwin.eu\/#organization"},"potentialAction":[{"@type":"SearchAction","target":{"@type":"EntryPoint","urlTemplate":"https:\/\/roadwin.eu\/?s={search_term_string}"},"query-input":{"@type":"PropertyValueSpecification","valueRequired":true,"valueName":"search_term_string"}}],"inLanguage":"lt-LT"},{"@type":"Organization","@id":"https:\/\/roadwin.eu\/#organization","name":"Jupojos Technika","url":"https:\/\/roadwin.eu\/","logo":{"@type":"ImageObject","inLanguage":"lt-LT","@id":"https:\/\/roadwin.eu\/#\/schema\/logo\/image\/","url":"http:\/\/roadwin.eu\/wp-content\/uploads\/2021\/04\/logo.png","contentUrl":"http:\/\/roadwin.eu\/wp-content\/uploads\/2021\/04\/logo.png","width":345,"height":39,"caption":"Jupojos Technika"},"image":{"@id":"https:\/\/roadwin.eu\/#\/schema\/logo\/image\/"}}]}},"_links":{"self":[{"href":"https:\/\/roadwin.eu\/lt\/wp-json\/wp\/v2\/pages\/21891","targetHints":{"allow":["GET"]}}],"collection":[{"href":"https:\/\/roadwin.eu\/lt\/wp-json\/wp\/v2\/pages"}],"about":[{"href":"https:\/\/roadwin.eu\/lt\/wp-json\/wp\/v2\/types\/page"}],"author":[{"embeddable":true,"href":"https:\/\/roadwin.eu\/lt\/wp-json\/wp\/v2\/users\/2"}],"replies":[{"embeddable":true,"href":"https:\/\/roadwin.eu\/lt\/wp-json\/wp\/v2\/comments?post=21891"}],"version-history":[{"count":38,"href":"https:\/\/roadwin.eu\/lt\/wp-json\/wp\/v2\/pages\/21891\/revisions"}],"predecessor-version":[{"id":22087,"href":"https:\/\/roadwin.eu\/lt\/wp-json\/wp\/v2\/pages\/21891\/revisions\/22087"}],"wp:attachment":[{"href":"https:\/\/roadwin.eu\/lt\/wp-json\/wp\/v2\/media?parent=21891"}],"curies":[{"name":"wp","href":"https:\/\/api.w.org\/{rel}","templated":true}]}}