{"id":16461,"date":"2021-04-20T07:23:49","date_gmt":"2021-04-20T06:23:49","guid":{"rendered":"http:\/\/roadwin.eu\/other-advantages\/"},"modified":"2024-07-01T14:26:36","modified_gmt":"2024-07-01T13:26:36","slug":"druge-prednosti","status":"publish","type":"page","link":"https:\/\/roadwin.eu\/hr\/druge-prednosti\/","title":{"rendered":"Druge prednosti"},"content":{"rendered":"<ul>\n<li>Maksimalna odgovornost u rje\u0161avanju pitanja<\/li>\n<li>Fleksibilna i brza obrada narud\u017ebi<\/li>\n<li>Dostava cestom, zrakom, morem<\/li>\n<li>Mogu\u0107nosti dostave \u2013 DDU, CIF, CPT&#8230;<\/li>\n<li>Sve po\u0161iljke su osigurane<\/li>\n<li>12-mjese\u010dno jamstvo<\/li>\n<li>Konkurentna cijena<\/li>\n<li>&#8220;Proizvod godine 2019.&#8221; od strane Litavske udruge za automobilski izvoz<\/li>\n<li>Osiguranje na 200.000 EUR od gra\u0111anskopravne odgovornosti<\/li>\n<li>Puna marketin\u0161ka podr\u0161ka<\/li>\n<li>Promotivni poklon katalog<\/li>\n<li>Vi\u0161e od 5.000 m2 skladi\u0161nog prostora<\/li>\n<li>EAC certifikat za trgovanje u regiji EAEU.<\/li>\n<\/ul>\n","protected":false},"excerpt":{"rendered":"<p>Maksimalna odgovornost u rje\u0161avanju pitanja Fleksibilna i brza obrada narud\u017ebi Dostava cestom, zrakom, morem Mogu\u0107nosti dostave \u2013 DDU, CIF, CPT&#8230; Sve po\u0161iljke su osigurane 12-mjese\u010dno jamstvo Konkurentna cijena &#8220;Proizvod godine 2019.&#8221; od strane Litavske udruge za automobilski izvoz Osiguranje na 200.000 EUR od gra\u0111anskopravne odgovornosti Puna marketin\u0161ka podr\u0161ka Promotivni poklon katalog Vi\u0161e od 5.000 m2&#8230;<\/p>\n","protected":false},"author":1,"featured_media":0,"parent":0,"menu_order":0,"comment_status":"closed","ping_status":"closed","template":"","meta":{"_acf_changed":false,"_themeisle_gutenberg_block_has_review":false,"footnotes":""},"class_list":["post-16461","page","type-page","status-publish","hentry"],"acf":[],"yoast_head":"<!-- This site is optimized with the Yoast SEO plugin v27.5 - https:\/\/yoast.com\/product\/yoast-seo-wordpress\/ -->\n<title>Druge prednosti - Roadwin<\/title>\n<meta name=\"robots\" content=\"index, follow, max-snippet:-1, max-image-preview:large, max-video-preview:-1\" \/>\n<link rel=\"canonical\" href=\"https:\/\/roadwin.eu\/hr\/druge-prednosti\/\" \/>\n<meta property=\"og:locale\" content=\"hr_HR\" \/>\n<meta property=\"og:type\" content=\"article\" \/>\n<meta property=\"og:title\" content=\"Druge prednosti - Roadwin\" \/>\n<meta property=\"og:description\" content=\"Maksimalna odgovornost u rje\u0161avanju pitanja Fleksibilna i brza obrada narud\u017ebi Dostava cestom, zrakom, morem Mogu\u0107nosti dostave \u2013 DDU, CIF, CPT&#8230; Sve po\u0161iljke su osigurane 12-mjese\u010dno jamstvo Konkurentna cijena &#8220;Proizvod godine 2019.&#8221; od strane Litavske udruge za automobilski izvoz Osiguranje na 200.000 EUR od gra\u0111anskopravne odgovornosti Puna marketin\u0161ka podr\u0161ka Promotivni poklon katalog Vi\u0161e od 5.000 m2...\" \/>\n<meta property=\"og:url\" content=\"https:\/\/roadwin.eu\/hr\/druge-prednosti\/\" \/>\n<meta property=\"og:site_name\" content=\"Roadwin\" \/>\n<meta property=\"article:modified_time\" content=\"2024-07-01T13:26:36+00:00\" \/>\n<meta name=\"twitter:card\" content=\"summary_large_image\" \/>\n<meta name=\"twitter:label1\" content=\"Procijenjeno vrijeme \u010ditanja\" \/>\n\t<meta name=\"twitter:data1\" content=\"1 minuta\" \/>\n<script type=\"application\/ld+json\" class=\"yoast-schema-graph\">{\"@context\":\"https:\\\/\\\/schema.org\",\"@graph\":[{\"@type\":\"WebPage\",\"@id\":\"https:\\\/\\\/roadwin.eu\\\/hr\\\/druge-prednosti\\\/\",\"url\":\"https:\\\/\\\/roadwin.eu\\\/hr\\\/druge-prednosti\\\/\",\"name\":\"Druge prednosti - Roadwin\",\"isPartOf\":{\"@id\":\"https:\\\/\\\/roadwin.eu\\\/#website\"},\"datePublished\":\"2021-04-20T06:23:49+00:00\",\"dateModified\":\"2024-07-01T13:26:36+00:00\",\"breadcrumb\":{\"@id\":\"https:\\\/\\\/roadwin.eu\\\/hr\\\/druge-prednosti\\\/#breadcrumb\"},\"inLanguage\":\"hr\",\"potentialAction\":[{\"@type\":\"ReadAction\",\"target\":[\"https:\\\/\\\/roadwin.eu\\\/hr\\\/druge-prednosti\\\/\"]}]},{\"@type\":\"BreadcrumbList\",\"@id\":\"https:\\\/\\\/roadwin.eu\\\/hr\\\/druge-prednosti\\\/#breadcrumb\",\"itemListElement\":[{\"@type\":\"ListItem\",\"position\":1,\"name\":\"Home\",\"item\":\"https:\\\/\\\/www.roadwin.eu\\\/hr\\\/\"},{\"@type\":\"ListItem\",\"position\":2,\"name\":\"Druge prednosti\"}]},{\"@type\":\"WebSite\",\"@id\":\"https:\\\/\\\/roadwin.eu\\\/#website\",\"url\":\"https:\\\/\\\/roadwin.eu\\\/\",\"name\":\"Roadwin\",\"description\":\"\",\"publisher\":{\"@id\":\"https:\\\/\\\/roadwin.eu\\\/#organization\"},\"potentialAction\":[{\"@type\":\"SearchAction\",\"target\":{\"@type\":\"EntryPoint\",\"urlTemplate\":\"https:\\\/\\\/roadwin.eu\\\/?s={search_term_string}\"},\"query-input\":{\"@type\":\"PropertyValueSpecification\",\"valueRequired\":true,\"valueName\":\"search_term_string\"}}],\"inLanguage\":\"hr\"},{\"@type\":\"Organization\",\"@id\":\"https:\\\/\\\/roadwin.eu\\\/#organization\",\"name\":\"Jupojos Technika\",\"url\":\"https:\\\/\\\/roadwin.eu\\\/\",\"logo\":{\"@type\":\"ImageObject\",\"inLanguage\":\"hr\",\"@id\":\"https:\\\/\\\/roadwin.eu\\\/#\\\/schema\\\/logo\\\/image\\\/\",\"url\":\"http:\\\/\\\/roadwin.eu\\\/wp-content\\\/uploads\\\/2021\\\/04\\\/logo.png\",\"contentUrl\":\"http:\\\/\\\/roadwin.eu\\\/wp-content\\\/uploads\\\/2021\\\/04\\\/logo.png\",\"width\":345,\"height\":39,\"caption\":\"Jupojos Technika\"},\"image\":{\"@id\":\"https:\\\/\\\/roadwin.eu\\\/#\\\/schema\\\/logo\\\/image\\\/\"}}]}<\/script>\n<!-- \/ Yoast SEO plugin. -->","yoast_head_json":{"title":"Druge prednosti - Roadwin","robots":{"index":"index","follow":"follow","max-snippet":"max-snippet:-1","max-image-preview":"max-image-preview:large","max-video-preview":"max-video-preview:-1"},"canonical":"https:\/\/roadwin.eu\/hr\/druge-prednosti\/","og_locale":"hr_HR","og_type":"article","og_title":"Druge prednosti - Roadwin","og_description":"Maksimalna odgovornost u rje\u0161avanju pitanja Fleksibilna i brza obrada narud\u017ebi Dostava cestom, zrakom, morem Mogu\u0107nosti dostave \u2013 DDU, CIF, CPT&#8230; Sve po\u0161iljke su osigurane 12-mjese\u010dno jamstvo Konkurentna cijena &#8220;Proizvod godine 2019.&#8221; od strane Litavske udruge za automobilski izvoz Osiguranje na 200.000 EUR od gra\u0111anskopravne odgovornosti Puna marketin\u0161ka podr\u0161ka Promotivni poklon katalog Vi\u0161e od 5.000 m2...","og_url":"https:\/\/roadwin.eu\/hr\/druge-prednosti\/","og_site_name":"Roadwin","article_modified_time":"2024-07-01T13:26:36+00:00","twitter_card":"summary_large_image","twitter_misc":{"Procijenjeno vrijeme \u010ditanja":"1 minuta"},"schema":{"@context":"https:\/\/schema.org","@graph":[{"@type":"WebPage","@id":"https:\/\/roadwin.eu\/hr\/druge-prednosti\/","url":"https:\/\/roadwin.eu\/hr\/druge-prednosti\/","name":"Druge prednosti - Roadwin","isPartOf":{"@id":"https:\/\/roadwin.eu\/#website"},"datePublished":"2021-04-20T06:23:49+00:00","dateModified":"2024-07-01T13:26:36+00:00","breadcrumb":{"@id":"https:\/\/roadwin.eu\/hr\/druge-prednosti\/#breadcrumb"},"inLanguage":"hr","potentialAction":[{"@type":"ReadAction","target":["https:\/\/roadwin.eu\/hr\/druge-prednosti\/"]}]},{"@type":"BreadcrumbList","@id":"https:\/\/roadwin.eu\/hr\/druge-prednosti\/#breadcrumb","itemListElement":[{"@type":"ListItem","position":1,"name":"Home","item":"https:\/\/www.roadwin.eu\/hr\/"},{"@type":"ListItem","position":2,"name":"Druge prednosti"}]},{"@type":"WebSite","@id":"https:\/\/roadwin.eu\/#website","url":"https:\/\/roadwin.eu\/","name":"Roadwin","description":"","publisher":{"@id":"https:\/\/roadwin.eu\/#organization"},"potentialAction":[{"@type":"SearchAction","target":{"@type":"EntryPoint","urlTemplate":"https:\/\/roadwin.eu\/?s={search_term_string}"},"query-input":{"@type":"PropertyValueSpecification","valueRequired":true,"valueName":"search_term_string"}}],"inLanguage":"hr"},{"@type":"Organization","@id":"https:\/\/roadwin.eu\/#organization","name":"Jupojos Technika","url":"https:\/\/roadwin.eu\/","logo":{"@type":"ImageObject","inLanguage":"hr","@id":"https:\/\/roadwin.eu\/#\/schema\/logo\/image\/","url":"http:\/\/roadwin.eu\/wp-content\/uploads\/2021\/04\/logo.png","contentUrl":"http:\/\/roadwin.eu\/wp-content\/uploads\/2021\/04\/logo.png","width":345,"height":39,"caption":"Jupojos Technika"},"image":{"@id":"https:\/\/roadwin.eu\/#\/schema\/logo\/image\/"}}]}},"_links":{"self":[{"href":"https:\/\/roadwin.eu\/hr\/wp-json\/wp\/v2\/pages\/16461","targetHints":{"allow":["GET"]}}],"collection":[{"href":"https:\/\/roadwin.eu\/hr\/wp-json\/wp\/v2\/pages"}],"about":[{"href":"https:\/\/roadwin.eu\/hr\/wp-json\/wp\/v2\/types\/page"}],"author":[{"embeddable":true,"href":"https:\/\/roadwin.eu\/hr\/wp-json\/wp\/v2\/users\/1"}],"replies":[{"embeddable":true,"href":"https:\/\/roadwin.eu\/hr\/wp-json\/wp\/v2\/comments?post=16461"}],"version-history":[{"count":3,"href":"https:\/\/roadwin.eu\/hr\/wp-json\/wp\/v2\/pages\/16461\/revisions"}],"predecessor-version":[{"id":16464,"href":"https:\/\/roadwin.eu\/hr\/wp-json\/wp\/v2\/pages\/16461\/revisions\/16464"}],"wp:attachment":[{"href":"https:\/\/roadwin.eu\/hr\/wp-json\/wp\/v2\/media?parent=16461"}],"curies":[{"name":"wp","href":"https:\/\/api.w.org\/{rel}","templated":true}]}}