{"id":16443,"date":"2021-04-20T07:23:29","date_gmt":"2021-04-20T06:23:29","guid":{"rendered":"http:\/\/roadwin.eu\/market\/"},"modified":"2024-12-11T08:21:35","modified_gmt":"2024-12-11T08:21:35","slug":"trziste","status":"publish","type":"page","link":"https:\/\/roadwin.eu\/hr\/trziste\/","title":{"rendered":"Tr\u017ei\u0161te"},"content":{"rendered":"<p>Trgova\u010dku marku ROADWIN razvili smo 2008. godine i to je na\u0161 vode\u0107i model na izvoznim tr\u017ei\u0161tima. Do sada je poznat i distribuiran u vi\u0161e od 20 zemalja Isto\u010dne i Sjeverne Europe, Bliskog istoka, Sredi\u0161nje Azije.<\/p>\n<p>Na\u0161 cilj su ovla\u0161teni distributeri diljem svijeta i krajnji kupci u balti\u010dkim dr\u017eavama \u2013 trgovine, radionice i flote. Razumijemo va\u0161e potrebe i trudimo se ponuditi rje\u0161enja najvi\u0161e kvalitete.<\/p>\n<p>Aktivni smo sudionici me\u0111unarodnih sajmova \u2013 \u0161tand \u201eRoadwin\u201c mo\u017eete vidjeti na doga\u0111ajima kao \u0161to su \u201eAutomechanika\u201c i MIMS, gdje nastojimo ne samo predstaviti na\u0161 asortiman proizvoda ve\u0107 i uspostaviti nove kontakte.<\/p>\n<p>Na\u0161 cilj je obuhvatiti \u0161to ve\u0107i dio Sjeverne i Isto\u010dne Europe mre\u017eom distributera. Aktualne kontakte mo\u017eete prona\u0107i <a href=\"http:\/\/roadwin.eu\/contacts\/\">OVDJE<\/a>.<\/p>\n<p>Stalno \u0161irimo mogu\u0107nosti suradnje i <strong>uvijek tra\u017eimo distributere<\/strong>!<\/p>\n","protected":false},"excerpt":{"rendered":"<p>Trgova\u010dku marku ROADWIN razvili smo 2008. godine i to je na\u0161 vode\u0107i model na izvoznim tr\u017ei\u0161tima. Do sada je poznat i distribuiran u vi\u0161e od 20 zemalja Isto\u010dne i Sjeverne Europe, Bliskog istoka, Sredi\u0161nje Azije. Na\u0161 cilj su ovla\u0161teni distributeri diljem svijeta i krajnji kupci u balti\u010dkim dr\u017eavama \u2013 trgovine, radionice i flote. Razumijemo va\u0161e&#8230;<\/p>\n","protected":false},"author":1,"featured_media":0,"parent":0,"menu_order":0,"comment_status":"closed","ping_status":"closed","template":"templates\/market.php","meta":{"_acf_changed":false,"_themeisle_gutenberg_block_has_review":false,"footnotes":""},"class_list":["post-16443","page","type-page","status-publish","hentry"],"acf":[],"yoast_head":"<!-- This site is optimized with the Yoast SEO plugin v27.5 - https:\/\/yoast.com\/product\/yoast-seo-wordpress\/ -->\n<title>Tr\u017ei\u0161te - Roadwin<\/title>\n<meta name=\"robots\" content=\"index, follow, max-snippet:-1, max-image-preview:large, max-video-preview:-1\" \/>\n<link rel=\"canonical\" href=\"https:\/\/roadwin.eu\/market\/\" \/>\n<meta property=\"og:locale\" content=\"hr_HR\" \/>\n<meta property=\"og:type\" content=\"article\" \/>\n<meta property=\"og:title\" content=\"Tr\u017ei\u0161te - Roadwin\" \/>\n<meta property=\"og:description\" content=\"Trgova\u010dku marku ROADWIN razvili smo 2008. godine i to je na\u0161 vode\u0107i model na izvoznim tr\u017ei\u0161tima. Do sada je poznat i distribuiran u vi\u0161e od 20 zemalja Isto\u010dne i Sjeverne Europe, Bliskog istoka, Sredi\u0161nje Azije. Na\u0161 cilj su ovla\u0161teni distributeri diljem svijeta i krajnji kupci u balti\u010dkim dr\u017eavama \u2013 trgovine, radionice i flote. Razumijemo va\u0161e...\" \/>\n<meta property=\"og:url\" content=\"https:\/\/roadwin.eu\/market\/\" \/>\n<meta property=\"og:site_name\" content=\"Roadwin\" \/>\n<meta property=\"article:modified_time\" content=\"2024-12-11T08:21:35+00:00\" \/>\n<meta name=\"twitter:card\" content=\"summary_large_image\" \/>\n<meta name=\"twitter:label1\" content=\"Procijenjeno vrijeme \u010ditanja\" \/>\n\t<meta name=\"twitter:data1\" content=\"1 minuta\" \/>\n<script type=\"application\/ld+json\" class=\"yoast-schema-graph\">{\"@context\":\"https:\\\/\\\/schema.org\",\"@graph\":[{\"@type\":\"WebPage\",\"@id\":\"https:\\\/\\\/roadwin.eu\\\/market\\\/\",\"url\":\"https:\\\/\\\/roadwin.eu\\\/market\\\/\",\"name\":\"Tr\u017ei\u0161te - Roadwin\",\"isPartOf\":{\"@id\":\"https:\\\/\\\/roadwin.eu\\\/#website\"},\"datePublished\":\"2021-04-20T06:23:29+00:00\",\"dateModified\":\"2024-12-11T08:21:35+00:00\",\"breadcrumb\":{\"@id\":\"https:\\\/\\\/roadwin.eu\\\/market\\\/#breadcrumb\"},\"inLanguage\":\"hr\",\"potentialAction\":[{\"@type\":\"ReadAction\",\"target\":[\"https:\\\/\\\/roadwin.eu\\\/market\\\/\"]}]},{\"@type\":\"BreadcrumbList\",\"@id\":\"https:\\\/\\\/roadwin.eu\\\/market\\\/#breadcrumb\",\"itemListElement\":[{\"@type\":\"ListItem\",\"position\":1,\"name\":\"Home\",\"item\":\"https:\\\/\\\/www.roadwin.eu\\\/hr\\\/\"},{\"@type\":\"ListItem\",\"position\":2,\"name\":\"Tr\u017ei\u0161te\"}]},{\"@type\":\"WebSite\",\"@id\":\"https:\\\/\\\/roadwin.eu\\\/#website\",\"url\":\"https:\\\/\\\/roadwin.eu\\\/\",\"name\":\"Roadwin\",\"description\":\"\",\"publisher\":{\"@id\":\"https:\\\/\\\/roadwin.eu\\\/#organization\"},\"potentialAction\":[{\"@type\":\"SearchAction\",\"target\":{\"@type\":\"EntryPoint\",\"urlTemplate\":\"https:\\\/\\\/roadwin.eu\\\/?s={search_term_string}\"},\"query-input\":{\"@type\":\"PropertyValueSpecification\",\"valueRequired\":true,\"valueName\":\"search_term_string\"}}],\"inLanguage\":\"hr\"},{\"@type\":\"Organization\",\"@id\":\"https:\\\/\\\/roadwin.eu\\\/#organization\",\"name\":\"Jupojos Technika\",\"url\":\"https:\\\/\\\/roadwin.eu\\\/\",\"logo\":{\"@type\":\"ImageObject\",\"inLanguage\":\"hr\",\"@id\":\"https:\\\/\\\/roadwin.eu\\\/#\\\/schema\\\/logo\\\/image\\\/\",\"url\":\"http:\\\/\\\/roadwin.eu\\\/wp-content\\\/uploads\\\/2021\\\/04\\\/logo.png\",\"contentUrl\":\"http:\\\/\\\/roadwin.eu\\\/wp-content\\\/uploads\\\/2021\\\/04\\\/logo.png\",\"width\":345,\"height\":39,\"caption\":\"Jupojos Technika\"},\"image\":{\"@id\":\"https:\\\/\\\/roadwin.eu\\\/#\\\/schema\\\/logo\\\/image\\\/\"}}]}<\/script>\n<!-- \/ Yoast SEO plugin. -->","yoast_head_json":{"title":"Tr\u017ei\u0161te - Roadwin","robots":{"index":"index","follow":"follow","max-snippet":"max-snippet:-1","max-image-preview":"max-image-preview:large","max-video-preview":"max-video-preview:-1"},"canonical":"https:\/\/roadwin.eu\/market\/","og_locale":"hr_HR","og_type":"article","og_title":"Tr\u017ei\u0161te - Roadwin","og_description":"Trgova\u010dku marku ROADWIN razvili smo 2008. godine i to je na\u0161 vode\u0107i model na izvoznim tr\u017ei\u0161tima. Do sada je poznat i distribuiran u vi\u0161e od 20 zemalja Isto\u010dne i Sjeverne Europe, Bliskog istoka, Sredi\u0161nje Azije. Na\u0161 cilj su ovla\u0161teni distributeri diljem svijeta i krajnji kupci u balti\u010dkim dr\u017eavama \u2013 trgovine, radionice i flote. Razumijemo va\u0161e...","og_url":"https:\/\/roadwin.eu\/market\/","og_site_name":"Roadwin","article_modified_time":"2024-12-11T08:21:35+00:00","twitter_card":"summary_large_image","twitter_misc":{"Procijenjeno vrijeme \u010ditanja":"1 minuta"},"schema":{"@context":"https:\/\/schema.org","@graph":[{"@type":"WebPage","@id":"https:\/\/roadwin.eu\/market\/","url":"https:\/\/roadwin.eu\/market\/","name":"Tr\u017ei\u0161te - Roadwin","isPartOf":{"@id":"https:\/\/roadwin.eu\/#website"},"datePublished":"2021-04-20T06:23:29+00:00","dateModified":"2024-12-11T08:21:35+00:00","breadcrumb":{"@id":"https:\/\/roadwin.eu\/market\/#breadcrumb"},"inLanguage":"hr","potentialAction":[{"@type":"ReadAction","target":["https:\/\/roadwin.eu\/market\/"]}]},{"@type":"BreadcrumbList","@id":"https:\/\/roadwin.eu\/market\/#breadcrumb","itemListElement":[{"@type":"ListItem","position":1,"name":"Home","item":"https:\/\/www.roadwin.eu\/hr\/"},{"@type":"ListItem","position":2,"name":"Tr\u017ei\u0161te"}]},{"@type":"WebSite","@id":"https:\/\/roadwin.eu\/#website","url":"https:\/\/roadwin.eu\/","name":"Roadwin","description":"","publisher":{"@id":"https:\/\/roadwin.eu\/#organization"},"potentialAction":[{"@type":"SearchAction","target":{"@type":"EntryPoint","urlTemplate":"https:\/\/roadwin.eu\/?s={search_term_string}"},"query-input":{"@type":"PropertyValueSpecification","valueRequired":true,"valueName":"search_term_string"}}],"inLanguage":"hr"},{"@type":"Organization","@id":"https:\/\/roadwin.eu\/#organization","name":"Jupojos Technika","url":"https:\/\/roadwin.eu\/","logo":{"@type":"ImageObject","inLanguage":"hr","@id":"https:\/\/roadwin.eu\/#\/schema\/logo\/image\/","url":"http:\/\/roadwin.eu\/wp-content\/uploads\/2021\/04\/logo.png","contentUrl":"http:\/\/roadwin.eu\/wp-content\/uploads\/2021\/04\/logo.png","width":345,"height":39,"caption":"Jupojos Technika"},"image":{"@id":"https:\/\/roadwin.eu\/#\/schema\/logo\/image\/"}}]}},"_links":{"self":[{"href":"https:\/\/roadwin.eu\/hr\/wp-json\/wp\/v2\/pages\/16443","targetHints":{"allow":["GET"]}}],"collection":[{"href":"https:\/\/roadwin.eu\/hr\/wp-json\/wp\/v2\/pages"}],"about":[{"href":"https:\/\/roadwin.eu\/hr\/wp-json\/wp\/v2\/types\/page"}],"author":[{"embeddable":true,"href":"https:\/\/roadwin.eu\/hr\/wp-json\/wp\/v2\/users\/1"}],"replies":[{"embeddable":true,"href":"https:\/\/roadwin.eu\/hr\/wp-json\/wp\/v2\/comments?post=16443"}],"version-history":[{"count":4,"href":"https:\/\/roadwin.eu\/hr\/wp-json\/wp\/v2\/pages\/16443\/revisions"}],"predecessor-version":[{"id":21535,"href":"https:\/\/roadwin.eu\/hr\/wp-json\/wp\/v2\/pages\/16443\/revisions\/21535"}],"wp:attachment":[{"href":"https:\/\/roadwin.eu\/hr\/wp-json\/wp\/v2\/media?parent=16443"}],"curies":[{"name":"wp","href":"https:\/\/api.w.org\/{rel}","templated":true}]}}