{"id":16437,"date":"2021-04-20T07:23:21","date_gmt":"2021-04-20T06:23:21","guid":{"rendered":"http:\/\/roadwin.eu\/quality-and-control\/"},"modified":"2024-07-01T14:11:22","modified_gmt":"2024-07-01T13:11:22","slug":"kvaliteta-i-kontrola","status":"publish","type":"page","link":"https:\/\/roadwin.eu\/hr\/kvaliteta-i-kontrola\/","title":{"rendered":"Kvaliteta i Kontrola"},"content":{"rendered":"<p><img loading=\"lazy\" decoding=\"async\" class=\"size-medium wp-image-5645 alignright\" src=\"http:\/\/roadwin.eu\/wp-content\/uploads\/2021\/06\/quality01-225x300.png\" alt=\"Quality and control\" width=\"225\" height=\"300\" srcset=\"https:\/\/roadwin.eu\/wp-content\/uploads\/2021\/06\/quality01-225x300.png 225w, https:\/\/roadwin.eu\/wp-content\/uploads\/2021\/06\/quality01.png 281w\" sizes=\"auto, (max-width: 225px) 100vw, 225px\" \/><\/p>\n<ul>\n<li style=\"text-align: justify;\">Suradnja s MITA-om \u2013 Agencijom za znanost, inovacije i tehnologiju \u2013 omogu\u0107uje pridavanje ve\u0107e pozornosti inovacijama, istra\u017eivanju i pobolj\u0161anju kvalitete.<\/li>\n<li style=\"text-align: justify;\">Lokalni sveu\u010dili\u0161ni centar za ispitivanje i tehni\u010dka veleu\u010dili\u0161ta pru\u017eaju bazu za istra\u017eivanje i proizvode ure\u0111aje za kontrolu kvalitete.<\/li>\n<li style=\"text-align: justify;\">Dugogodi\u0161nja suradnja s UNECE-ovim laboratorijem za homologaciju tipa automobila osigurava detaljne karakteristike materijala koje koristimo i na taj na\u010din znamo da isporu\u010dujemo vrhunske proizvode.<\/li>\n<li style=\"text-align: justify;\">Tvornice u 6 zemalja proizvode dobro poznate europske robne marke<\/li>\n<li style=\"text-align: justify;\">Proizvodnja je kontrolirana temeljem standarda ISO\/TS16949, T\u00dcV<\/li>\n<li style=\"text-align: justify;\">Odjel za kontrolu kvalitete tvrtke primjenjuje postupak AQL kontrole (prihvatljiva razina kvalitete) kako bi sprije\u010dio ulazak neispravnih proizvoda na tr\u017ei\u0161te<\/li>\n<li style=\"text-align: justify;\">Sve gore navedeno omogu\u0107uje da Roadwin rezervni dijelovi dosegnu razinu kvalitete originalnih dijelova<\/li>\n<\/ul>\n","protected":false},"excerpt":{"rendered":"<p>Suradnja s MITA-om \u2013 Agencijom za znanost, inovacije i tehnologiju \u2013 omogu\u0107uje pridavanje ve\u0107e pozornosti inovacijama, istra\u017eivanju i pobolj\u0161anju kvalitete. Lokalni sveu\u010dili\u0161ni centar za ispitivanje i tehni\u010dka veleu\u010dili\u0161ta pru\u017eaju bazu za istra\u017eivanje i proizvode ure\u0111aje za kontrolu kvalitete. Dugogodi\u0161nja suradnja s UNECE-ovim laboratorijem za homologaciju tipa automobila osigurava detaljne karakteristike materijala koje koristimo i na&#8230;<\/p>\n","protected":false},"author":1,"featured_media":0,"parent":0,"menu_order":0,"comment_status":"closed","ping_status":"closed","template":"","meta":{"_acf_changed":false,"_themeisle_gutenberg_block_has_review":false,"footnotes":""},"class_list":["post-16437","page","type-page","status-publish","hentry"],"acf":[],"yoast_head":"<!-- This site is optimized with the Yoast SEO plugin v27.5 - https:\/\/yoast.com\/product\/yoast-seo-wordpress\/ -->\n<title>Kvaliteta i Kontrola - Roadwin<\/title>\n<meta name=\"robots\" content=\"index, follow, max-snippet:-1, max-image-preview:large, max-video-preview:-1\" \/>\n<link rel=\"canonical\" href=\"https:\/\/roadwin.eu\/quality-and-control\/\" \/>\n<meta property=\"og:locale\" content=\"hr_HR\" \/>\n<meta property=\"og:type\" content=\"article\" \/>\n<meta property=\"og:title\" content=\"Kvaliteta i Kontrola - Roadwin\" \/>\n<meta property=\"og:description\" content=\"Suradnja s MITA-om \u2013 Agencijom za znanost, inovacije i tehnologiju \u2013 omogu\u0107uje pridavanje ve\u0107e pozornosti inovacijama, istra\u017eivanju i pobolj\u0161anju kvalitete. Lokalni sveu\u010dili\u0161ni centar za ispitivanje i tehni\u010dka veleu\u010dili\u0161ta pru\u017eaju bazu za istra\u017eivanje i proizvode ure\u0111aje za kontrolu kvalitete. Dugogodi\u0161nja suradnja s UNECE-ovim laboratorijem za homologaciju tipa automobila osigurava detaljne karakteristike materijala koje koristimo i na...\" \/>\n<meta property=\"og:url\" content=\"https:\/\/roadwin.eu\/quality-and-control\/\" \/>\n<meta property=\"og:site_name\" content=\"Roadwin\" \/>\n<meta property=\"article:modified_time\" content=\"2024-07-01T13:11:22+00:00\" \/>\n<meta property=\"og:image\" content=\"http:\/\/roadwin.eu\/wp-content\/uploads\/2021\/06\/quality01-225x300.png\" \/>\n<meta name=\"twitter:card\" content=\"summary_large_image\" \/>\n<meta name=\"twitter:label1\" content=\"Procijenjeno vrijeme \u010ditanja\" \/>\n\t<meta name=\"twitter:data1\" content=\"1 minuta\" \/>\n<script type=\"application\/ld+json\" class=\"yoast-schema-graph\">{\"@context\":\"https:\\\/\\\/schema.org\",\"@graph\":[{\"@type\":\"WebPage\",\"@id\":\"https:\\\/\\\/roadwin.eu\\\/quality-and-control\\\/\",\"url\":\"https:\\\/\\\/roadwin.eu\\\/quality-and-control\\\/\",\"name\":\"Kvaliteta i Kontrola - Roadwin\",\"isPartOf\":{\"@id\":\"https:\\\/\\\/roadwin.eu\\\/#website\"},\"primaryImageOfPage\":{\"@id\":\"https:\\\/\\\/roadwin.eu\\\/quality-and-control\\\/#primaryimage\"},\"image\":{\"@id\":\"https:\\\/\\\/roadwin.eu\\\/quality-and-control\\\/#primaryimage\"},\"thumbnailUrl\":\"http:\\\/\\\/roadwin.eu\\\/wp-content\\\/uploads\\\/2021\\\/06\\\/quality01-225x300.png\",\"datePublished\":\"2021-04-20T06:23:21+00:00\",\"dateModified\":\"2024-07-01T13:11:22+00:00\",\"breadcrumb\":{\"@id\":\"https:\\\/\\\/roadwin.eu\\\/quality-and-control\\\/#breadcrumb\"},\"inLanguage\":\"hr\",\"potentialAction\":[{\"@type\":\"ReadAction\",\"target\":[\"https:\\\/\\\/roadwin.eu\\\/quality-and-control\\\/\"]}]},{\"@type\":\"ImageObject\",\"inLanguage\":\"hr\",\"@id\":\"https:\\\/\\\/roadwin.eu\\\/quality-and-control\\\/#primaryimage\",\"url\":\"http:\\\/\\\/roadwin.eu\\\/wp-content\\\/uploads\\\/2021\\\/06\\\/quality01-225x300.png\",\"contentUrl\":\"http:\\\/\\\/roadwin.eu\\\/wp-content\\\/uploads\\\/2021\\\/06\\\/quality01-225x300.png\"},{\"@type\":\"BreadcrumbList\",\"@id\":\"https:\\\/\\\/roadwin.eu\\\/quality-and-control\\\/#breadcrumb\",\"itemListElement\":[{\"@type\":\"ListItem\",\"position\":1,\"name\":\"Home\",\"item\":\"https:\\\/\\\/www.roadwin.eu\\\/hr\\\/\"},{\"@type\":\"ListItem\",\"position\":2,\"name\":\"Kvaliteta i Kontrola\"}]},{\"@type\":\"WebSite\",\"@id\":\"https:\\\/\\\/roadwin.eu\\\/#website\",\"url\":\"https:\\\/\\\/roadwin.eu\\\/\",\"name\":\"Roadwin\",\"description\":\"\",\"publisher\":{\"@id\":\"https:\\\/\\\/roadwin.eu\\\/#organization\"},\"potentialAction\":[{\"@type\":\"SearchAction\",\"target\":{\"@type\":\"EntryPoint\",\"urlTemplate\":\"https:\\\/\\\/roadwin.eu\\\/?s={search_term_string}\"},\"query-input\":{\"@type\":\"PropertyValueSpecification\",\"valueRequired\":true,\"valueName\":\"search_term_string\"}}],\"inLanguage\":\"hr\"},{\"@type\":\"Organization\",\"@id\":\"https:\\\/\\\/roadwin.eu\\\/#organization\",\"name\":\"Jupojos Technika\",\"url\":\"https:\\\/\\\/roadwin.eu\\\/\",\"logo\":{\"@type\":\"ImageObject\",\"inLanguage\":\"hr\",\"@id\":\"https:\\\/\\\/roadwin.eu\\\/#\\\/schema\\\/logo\\\/image\\\/\",\"url\":\"http:\\\/\\\/roadwin.eu\\\/wp-content\\\/uploads\\\/2021\\\/04\\\/logo.png\",\"contentUrl\":\"http:\\\/\\\/roadwin.eu\\\/wp-content\\\/uploads\\\/2021\\\/04\\\/logo.png\",\"width\":345,\"height\":39,\"caption\":\"Jupojos Technika\"},\"image\":{\"@id\":\"https:\\\/\\\/roadwin.eu\\\/#\\\/schema\\\/logo\\\/image\\\/\"}}]}<\/script>\n<!-- \/ Yoast SEO plugin. -->","yoast_head_json":{"title":"Kvaliteta i Kontrola - Roadwin","robots":{"index":"index","follow":"follow","max-snippet":"max-snippet:-1","max-image-preview":"max-image-preview:large","max-video-preview":"max-video-preview:-1"},"canonical":"https:\/\/roadwin.eu\/quality-and-control\/","og_locale":"hr_HR","og_type":"article","og_title":"Kvaliteta i Kontrola - Roadwin","og_description":"Suradnja s MITA-om \u2013 Agencijom za znanost, inovacije i tehnologiju \u2013 omogu\u0107uje pridavanje ve\u0107e pozornosti inovacijama, istra\u017eivanju i pobolj\u0161anju kvalitete. Lokalni sveu\u010dili\u0161ni centar za ispitivanje i tehni\u010dka veleu\u010dili\u0161ta pru\u017eaju bazu za istra\u017eivanje i proizvode ure\u0111aje za kontrolu kvalitete. Dugogodi\u0161nja suradnja s UNECE-ovim laboratorijem za homologaciju tipa automobila osigurava detaljne karakteristike materijala koje koristimo i na...","og_url":"https:\/\/roadwin.eu\/quality-and-control\/","og_site_name":"Roadwin","article_modified_time":"2024-07-01T13:11:22+00:00","og_image":[{"url":"http:\/\/roadwin.eu\/wp-content\/uploads\/2021\/06\/quality01-225x300.png","type":"","width":"","height":""}],"twitter_card":"summary_large_image","twitter_misc":{"Procijenjeno vrijeme \u010ditanja":"1 minuta"},"schema":{"@context":"https:\/\/schema.org","@graph":[{"@type":"WebPage","@id":"https:\/\/roadwin.eu\/quality-and-control\/","url":"https:\/\/roadwin.eu\/quality-and-control\/","name":"Kvaliteta i Kontrola - Roadwin","isPartOf":{"@id":"https:\/\/roadwin.eu\/#website"},"primaryImageOfPage":{"@id":"https:\/\/roadwin.eu\/quality-and-control\/#primaryimage"},"image":{"@id":"https:\/\/roadwin.eu\/quality-and-control\/#primaryimage"},"thumbnailUrl":"http:\/\/roadwin.eu\/wp-content\/uploads\/2021\/06\/quality01-225x300.png","datePublished":"2021-04-20T06:23:21+00:00","dateModified":"2024-07-01T13:11:22+00:00","breadcrumb":{"@id":"https:\/\/roadwin.eu\/quality-and-control\/#breadcrumb"},"inLanguage":"hr","potentialAction":[{"@type":"ReadAction","target":["https:\/\/roadwin.eu\/quality-and-control\/"]}]},{"@type":"ImageObject","inLanguage":"hr","@id":"https:\/\/roadwin.eu\/quality-and-control\/#primaryimage","url":"http:\/\/roadwin.eu\/wp-content\/uploads\/2021\/06\/quality01-225x300.png","contentUrl":"http:\/\/roadwin.eu\/wp-content\/uploads\/2021\/06\/quality01-225x300.png"},{"@type":"BreadcrumbList","@id":"https:\/\/roadwin.eu\/quality-and-control\/#breadcrumb","itemListElement":[{"@type":"ListItem","position":1,"name":"Home","item":"https:\/\/www.roadwin.eu\/hr\/"},{"@type":"ListItem","position":2,"name":"Kvaliteta i Kontrola"}]},{"@type":"WebSite","@id":"https:\/\/roadwin.eu\/#website","url":"https:\/\/roadwin.eu\/","name":"Roadwin","description":"","publisher":{"@id":"https:\/\/roadwin.eu\/#organization"},"potentialAction":[{"@type":"SearchAction","target":{"@type":"EntryPoint","urlTemplate":"https:\/\/roadwin.eu\/?s={search_term_string}"},"query-input":{"@type":"PropertyValueSpecification","valueRequired":true,"valueName":"search_term_string"}}],"inLanguage":"hr"},{"@type":"Organization","@id":"https:\/\/roadwin.eu\/#organization","name":"Jupojos Technika","url":"https:\/\/roadwin.eu\/","logo":{"@type":"ImageObject","inLanguage":"hr","@id":"https:\/\/roadwin.eu\/#\/schema\/logo\/image\/","url":"http:\/\/roadwin.eu\/wp-content\/uploads\/2021\/04\/logo.png","contentUrl":"http:\/\/roadwin.eu\/wp-content\/uploads\/2021\/04\/logo.png","width":345,"height":39,"caption":"Jupojos Technika"},"image":{"@id":"https:\/\/roadwin.eu\/#\/schema\/logo\/image\/"}}]}},"_links":{"self":[{"href":"https:\/\/roadwin.eu\/hr\/wp-json\/wp\/v2\/pages\/16437","targetHints":{"allow":["GET"]}}],"collection":[{"href":"https:\/\/roadwin.eu\/hr\/wp-json\/wp\/v2\/pages"}],"about":[{"href":"https:\/\/roadwin.eu\/hr\/wp-json\/wp\/v2\/types\/page"}],"author":[{"embeddable":true,"href":"https:\/\/roadwin.eu\/hr\/wp-json\/wp\/v2\/users\/1"}],"replies":[{"embeddable":true,"href":"https:\/\/roadwin.eu\/hr\/wp-json\/wp\/v2\/comments?post=16437"}],"version-history":[{"count":2,"href":"https:\/\/roadwin.eu\/hr\/wp-json\/wp\/v2\/pages\/16437\/revisions"}],"predecessor-version":[{"id":16440,"href":"https:\/\/roadwin.eu\/hr\/wp-json\/wp\/v2\/pages\/16437\/revisions\/16440"}],"wp:attachment":[{"href":"https:\/\/roadwin.eu\/hr\/wp-json\/wp\/v2\/media?parent=16437"}],"curies":[{"name":"wp","href":"https:\/\/api.w.org\/{rel}","templated":true}]}}