{"id":16422,"date":"2021-04-20T07:22:57","date_gmt":"2021-04-20T06:22:57","guid":{"rendered":"http:\/\/roadwin.eu\/about\/"},"modified":"2024-07-03T12:06:34","modified_gmt":"2024-07-03T11:06:34","slug":"o-nama","status":"publish","type":"page","link":"https:\/\/roadwin.eu\/hr\/o-nama\/","title":{"rendered":"O nama"},"content":{"rendered":"<p><iframe loading=\"lazy\" title=\"Roadwin corporate video (English version)\" width=\"500\" height=\"281\" src=\"https:\/\/www.youtube.com\/embed\/JlXEorQeoAE?feature=oembed\" frameborder=\"0\" allow=\"accelerometer; autoplay; clipboard-write; encrypted-media; gyroscope; picture-in-picture; web-share\" referrerpolicy=\"strict-origin-when-cross-origin\" allowfullscreen><\/iframe><\/p>\n<p style=\"text-align: justify;\"><em>Roadwin<\/em> \u2013 <em>naju\u010dinkovitiji na\u010din za osiguravanje uspje\u0161nog rada distributera i transportnih tvrtki.<\/em><\/p>\n<h2 style=\"text-align: justify;\"><strong>Tko smo<\/strong><\/h2>\n<p style=\"text-align: justify;\">ROADWIN je kvalitetna robna marka iz Sjeverne Europe, temeljena na proizvodnji i distribuciji rezervnih dijelova za gospodarska cestovna vozila, razvijena i podr\u017eana velikim dugoro\u010dnim ulaganjima u ljudske potencijale i razine zaliha. Dijelovi su izra\u0111eni u tvornicama koje su odabrane s velikom odgovorno\u0161\u0107u i proizvedeni na istim proizvodnim linijama kao i originalni dijelovi. Naposljetku, svi proizvodi prolaze AQL kontrolu (prihvatljiva razina kvalitete).<\/p>\n<p style=\"text-align: justify;\">Asortiman Roadwin rezervnih dijelova pokriva najva\u017enije europske kamione i prikolice kako bi se zadovoljile potrebe tr\u017ei\u0161ta, na temelju iskustva na\u0161ih kupaca i na\u0161eg vlastitog iskustva u komercijalnim vozilima.<\/p>\n<p style=\"text-align: justify;\">Asortiman smo zapo\u010deli s ko\u010dionim diskovima i bubnjevima, naplatcima i sigurnosnim dijelovima za teret. Danas je svaka od 40 grupa proizvoda iz na\u0161eg asortimana aktualna na svim tr\u017ei\u0161tima najve\u0107eg dijela europskih zemalja. Svake godine \u0161irimo asortiman proizvoda ili uvodimo nove grupe proizvoda.<\/p>\n<h2><strong>Ekskluzivnost<\/strong><\/h2>\n<p style=\"text-align: justify;\">ROADWIN jam\u010di europsku kvalitetu, profesionalnu uslugu i pravodobnu opskrbu rezervnim dijelovima za gospodarska vozila. Na\u0161i rezervni dijelovi za gospodarska vozila razvijaju se u Europi, kroz moderne tehnologije s kontinuiranom kontrolom kvalitete. Zbog dugogodi\u0161njeg iskustva, rezervni dijelovi proizvode se u visokoj kvaliteti.<\/p>\n<p style=\"text-align: justify;\">Roadwin isporu\u010duje 100 % AEM zamjenske dijelove za vode\u0107e europske primjene u te\u0161kim uvjetima na autocestama \u2013 za kamione i prikolice.<\/p>\n<p>Raspon proizvoda sastoji se od:<\/p>\n<ul style=\"text-align: justify;\">\n<li>40 grupa proizvoda<\/li>\n<li>Vi\u0161e od 2200 dijelova<\/li>\n<li>Vi\u0161e od 30.000 kri\u017enih referenci<\/li>\n<\/ul>\n<p style=\"text-align: justify;\">Svi Roadwin katalo\u0161ki dijelovi nositelji su EAC odobrenja.<\/p>\n<h2><strong>Tim<\/strong>:<\/h2>\n<ul>\n<li style=\"text-align: justify;\">Obiteljska tvrtka u JSC Jupojos technika<\/li>\n<li style=\"text-align: justify;\">30 godina na tr\u017ei\u0161tu dijelova za kamione<\/li>\n<li style=\"text-align: justify;\">Sustav upravljanja sukladan je s normom ISO 9001:2015<\/li>\n<li style=\"text-align: justify;\">\u010clan Gospodarske, industrijske i obrtni\u010dke komore<\/li>\n<li style=\"text-align: justify;\">Osniva\u010d Litavske udruge za automobilski izvoz \u2013 LAuGEA<\/li>\n<\/ul>\n","protected":false},"excerpt":{"rendered":"<p>Roadwin \u2013 naju\u010dinkovitiji na\u010din za osiguravanje uspje\u0161nog rada distributera i transportnih tvrtki. Tko smo ROADWIN je kvalitetna robna marka iz Sjeverne Europe, temeljena na proizvodnji i distribuciji rezervnih dijelova za gospodarska cestovna vozila, razvijena i podr\u017eana velikim dugoro\u010dnim ulaganjima u ljudske potencijale i razine zaliha. Dijelovi su izra\u0111eni u tvornicama koje su odabrane s velikom&#8230;<\/p>\n","protected":false},"author":1,"featured_media":0,"parent":0,"menu_order":0,"comment_status":"closed","ping_status":"closed","template":"templates\/about.php","meta":{"_acf_changed":false,"_themeisle_gutenberg_block_has_review":false,"footnotes":""},"class_list":["post-16422","page","type-page","status-publish","hentry"],"acf":[],"yoast_head":"<!-- This site is optimized with the Yoast SEO plugin v27.5 - https:\/\/yoast.com\/product\/yoast-seo-wordpress\/ -->\n<title>O nama - Roadwin<\/title>\n<meta name=\"robots\" content=\"index, follow, max-snippet:-1, max-image-preview:large, max-video-preview:-1\" \/>\n<link rel=\"canonical\" href=\"https:\/\/roadwin.eu\/hr\/o-nama\/\" \/>\n<meta property=\"og:locale\" content=\"hr_HR\" \/>\n<meta property=\"og:type\" content=\"article\" \/>\n<meta property=\"og:title\" content=\"O nama - Roadwin\" \/>\n<meta property=\"og:description\" content=\"Roadwin \u2013 naju\u010dinkovitiji na\u010din za osiguravanje uspje\u0161nog rada distributera i transportnih tvrtki. Tko smo ROADWIN je kvalitetna robna marka iz Sjeverne Europe, temeljena na proizvodnji i distribuciji rezervnih dijelova za gospodarska cestovna vozila, razvijena i podr\u017eana velikim dugoro\u010dnim ulaganjima u ljudske potencijale i razine zaliha. Dijelovi su izra\u0111eni u tvornicama koje su odabrane s velikom...\" \/>\n<meta property=\"og:url\" content=\"https:\/\/roadwin.eu\/hr\/o-nama\/\" \/>\n<meta property=\"og:site_name\" content=\"Roadwin\" \/>\n<meta property=\"article:modified_time\" content=\"2024-07-03T11:06:34+00:00\" \/>\n<meta name=\"twitter:card\" content=\"summary_large_image\" \/>\n<meta name=\"twitter:label1\" content=\"Procijenjeno vrijeme \u010ditanja\" \/>\n\t<meta name=\"twitter:data1\" content=\"2 minute\" \/>\n<script type=\"application\/ld+json\" class=\"yoast-schema-graph\">{\"@context\":\"https:\\\/\\\/schema.org\",\"@graph\":[{\"@type\":\"WebPage\",\"@id\":\"https:\\\/\\\/roadwin.eu\\\/hr\\\/o-nama\\\/\",\"url\":\"https:\\\/\\\/roadwin.eu\\\/hr\\\/o-nama\\\/\",\"name\":\"O nama - Roadwin\",\"isPartOf\":{\"@id\":\"https:\\\/\\\/roadwin.eu\\\/#website\"},\"datePublished\":\"2021-04-20T06:22:57+00:00\",\"dateModified\":\"2024-07-03T11:06:34+00:00\",\"breadcrumb\":{\"@id\":\"https:\\\/\\\/roadwin.eu\\\/hr\\\/o-nama\\\/#breadcrumb\"},\"inLanguage\":\"hr\",\"potentialAction\":[{\"@type\":\"ReadAction\",\"target\":[\"https:\\\/\\\/roadwin.eu\\\/hr\\\/o-nama\\\/\"]}]},{\"@type\":\"BreadcrumbList\",\"@id\":\"https:\\\/\\\/roadwin.eu\\\/hr\\\/o-nama\\\/#breadcrumb\",\"itemListElement\":[{\"@type\":\"ListItem\",\"position\":1,\"name\":\"Home\",\"item\":\"https:\\\/\\\/www.roadwin.eu\\\/hr\\\/\"},{\"@type\":\"ListItem\",\"position\":2,\"name\":\"O nama\"}]},{\"@type\":\"WebSite\",\"@id\":\"https:\\\/\\\/roadwin.eu\\\/#website\",\"url\":\"https:\\\/\\\/roadwin.eu\\\/\",\"name\":\"Roadwin\",\"description\":\"\",\"publisher\":{\"@id\":\"https:\\\/\\\/roadwin.eu\\\/#organization\"},\"potentialAction\":[{\"@type\":\"SearchAction\",\"target\":{\"@type\":\"EntryPoint\",\"urlTemplate\":\"https:\\\/\\\/roadwin.eu\\\/?s={search_term_string}\"},\"query-input\":{\"@type\":\"PropertyValueSpecification\",\"valueRequired\":true,\"valueName\":\"search_term_string\"}}],\"inLanguage\":\"hr\"},{\"@type\":\"Organization\",\"@id\":\"https:\\\/\\\/roadwin.eu\\\/#organization\",\"name\":\"Jupojos Technika\",\"url\":\"https:\\\/\\\/roadwin.eu\\\/\",\"logo\":{\"@type\":\"ImageObject\",\"inLanguage\":\"hr\",\"@id\":\"https:\\\/\\\/roadwin.eu\\\/#\\\/schema\\\/logo\\\/image\\\/\",\"url\":\"http:\\\/\\\/roadwin.eu\\\/wp-content\\\/uploads\\\/2021\\\/04\\\/logo.png\",\"contentUrl\":\"http:\\\/\\\/roadwin.eu\\\/wp-content\\\/uploads\\\/2021\\\/04\\\/logo.png\",\"width\":345,\"height\":39,\"caption\":\"Jupojos Technika\"},\"image\":{\"@id\":\"https:\\\/\\\/roadwin.eu\\\/#\\\/schema\\\/logo\\\/image\\\/\"}}]}<\/script>\n<!-- \/ Yoast SEO plugin. -->","yoast_head_json":{"title":"O nama - Roadwin","robots":{"index":"index","follow":"follow","max-snippet":"max-snippet:-1","max-image-preview":"max-image-preview:large","max-video-preview":"max-video-preview:-1"},"canonical":"https:\/\/roadwin.eu\/hr\/o-nama\/","og_locale":"hr_HR","og_type":"article","og_title":"O nama - Roadwin","og_description":"Roadwin \u2013 naju\u010dinkovitiji na\u010din za osiguravanje uspje\u0161nog rada distributera i transportnih tvrtki. Tko smo ROADWIN je kvalitetna robna marka iz Sjeverne Europe, temeljena na proizvodnji i distribuciji rezervnih dijelova za gospodarska cestovna vozila, razvijena i podr\u017eana velikim dugoro\u010dnim ulaganjima u ljudske potencijale i razine zaliha. Dijelovi su izra\u0111eni u tvornicama koje su odabrane s velikom...","og_url":"https:\/\/roadwin.eu\/hr\/o-nama\/","og_site_name":"Roadwin","article_modified_time":"2024-07-03T11:06:34+00:00","twitter_card":"summary_large_image","twitter_misc":{"Procijenjeno vrijeme \u010ditanja":"2 minute"},"schema":{"@context":"https:\/\/schema.org","@graph":[{"@type":"WebPage","@id":"https:\/\/roadwin.eu\/hr\/o-nama\/","url":"https:\/\/roadwin.eu\/hr\/o-nama\/","name":"O nama - Roadwin","isPartOf":{"@id":"https:\/\/roadwin.eu\/#website"},"datePublished":"2021-04-20T06:22:57+00:00","dateModified":"2024-07-03T11:06:34+00:00","breadcrumb":{"@id":"https:\/\/roadwin.eu\/hr\/o-nama\/#breadcrumb"},"inLanguage":"hr","potentialAction":[{"@type":"ReadAction","target":["https:\/\/roadwin.eu\/hr\/o-nama\/"]}]},{"@type":"BreadcrumbList","@id":"https:\/\/roadwin.eu\/hr\/o-nama\/#breadcrumb","itemListElement":[{"@type":"ListItem","position":1,"name":"Home","item":"https:\/\/www.roadwin.eu\/hr\/"},{"@type":"ListItem","position":2,"name":"O nama"}]},{"@type":"WebSite","@id":"https:\/\/roadwin.eu\/#website","url":"https:\/\/roadwin.eu\/","name":"Roadwin","description":"","publisher":{"@id":"https:\/\/roadwin.eu\/#organization"},"potentialAction":[{"@type":"SearchAction","target":{"@type":"EntryPoint","urlTemplate":"https:\/\/roadwin.eu\/?s={search_term_string}"},"query-input":{"@type":"PropertyValueSpecification","valueRequired":true,"valueName":"search_term_string"}}],"inLanguage":"hr"},{"@type":"Organization","@id":"https:\/\/roadwin.eu\/#organization","name":"Jupojos Technika","url":"https:\/\/roadwin.eu\/","logo":{"@type":"ImageObject","inLanguage":"hr","@id":"https:\/\/roadwin.eu\/#\/schema\/logo\/image\/","url":"http:\/\/roadwin.eu\/wp-content\/uploads\/2021\/04\/logo.png","contentUrl":"http:\/\/roadwin.eu\/wp-content\/uploads\/2021\/04\/logo.png","width":345,"height":39,"caption":"Jupojos Technika"},"image":{"@id":"https:\/\/roadwin.eu\/#\/schema\/logo\/image\/"}}]}},"_links":{"self":[{"href":"https:\/\/roadwin.eu\/hr\/wp-json\/wp\/v2\/pages\/16422","targetHints":{"allow":["GET"]}}],"collection":[{"href":"https:\/\/roadwin.eu\/hr\/wp-json\/wp\/v2\/pages"}],"about":[{"href":"https:\/\/roadwin.eu\/hr\/wp-json\/wp\/v2\/types\/page"}],"author":[{"embeddable":true,"href":"https:\/\/roadwin.eu\/hr\/wp-json\/wp\/v2\/users\/1"}],"replies":[{"embeddable":true,"href":"https:\/\/roadwin.eu\/hr\/wp-json\/wp\/v2\/comments?post=16422"}],"version-history":[{"count":3,"href":"https:\/\/roadwin.eu\/hr\/wp-json\/wp\/v2\/pages\/16422\/revisions"}],"predecessor-version":[{"id":18488,"href":"https:\/\/roadwin.eu\/hr\/wp-json\/wp\/v2\/pages\/16422\/revisions\/18488"}],"wp:attachment":[{"href":"https:\/\/roadwin.eu\/hr\/wp-json\/wp\/v2\/media?parent=16422"}],"curies":[{"name":"wp","href":"https:\/\/api.w.org\/{rel}","templated":true}]}}