{"id":6270,"date":"2021-04-20T07:22:57","date_gmt":"2021-04-20T06:22:57","guid":{"rendered":"http:\/\/roadwin.eu\/about\/"},"modified":"2024-04-03T10:54:00","modified_gmt":"2024-04-03T09:54:00","slug":"uber-uns","status":"publish","type":"page","link":"https:\/\/roadwin.eu\/de\/uber-uns\/","title":{"rendered":"\u00dcber uns"},"content":{"rendered":"<p><iframe loading=\"lazy\" title=\"Roadwin corporate video (English version)\" width=\"500\" height=\"281\" src=\"https:\/\/www.youtube.com\/embed\/JlXEorQeoAE?feature=oembed\" frameborder=\"0\" allow=\"accelerometer; autoplay; clipboard-write; encrypted-media; gyroscope; picture-in-picture; web-share\" referrerpolicy=\"strict-origin-when-cross-origin\" allowfullscreen><\/iframe><\/p>\n<p style=\"text-align: justify;\"><em>Roadwin<\/em> \u2013 <em>Der effektivste Weg f\u00fcr die Gew\u00e4hrleitung der erfolgreichen Arbeit von H\u00e4ndlern und Transportunternehmen.<\/em><\/p>\n<h2 style=\"text-align: justify;\"><strong>\u00dcber uns<\/strong><\/h2>\n<p style=\"text-align: justify;\">ROADWIN ist eine Qualit\u00e4tsmarke aus Nordeuropa, entwickelt und basiert auf langfristigen Investitionen in Menschen und Materialien. Die Hauptt\u00e4tigkeit ist die Produktion und der Vertrieb von Ersatzteilen f\u00fcr Nutzfahrzeuge. Die Teile werden in Werken hergestellt, die mit gro\u00dfer Verantwortung ausgew\u00e4hlten wurden. Es werden die gleichen Produktionslinien verwendet wie f\u00fcr OE-Teile. Schlie\u00dflich unterliegen alle Produkte der AQL-Kontrolle (Acceptable Quality Level).<\/p>\n<p style=\"text-align: justify;\">ROADWIN bietet Ersatzteile f\u00fcr die meisten europ\u00e4ischen Trucks und Trailer, um den Bed\u00fcrfnissen des Marktes unter Ber\u00fccksichtigung der Kundenerfahrung und unserer eigenen Erfahrung im Bereich Nutzfahrzeuge gerecht zu werden.<\/p>\n<p style=\"text-align: justify;\">Zu unserem Sortiment geh\u00f6rten fr\u00fcher it Bremsscheiben und Bremmstrommeln, Felgen und Ladungssicherungsteilen. Mittlerweile ist jede der 40 Produktgruppen unseres Sortiments in den M\u00e4rkten vieler europ\u00e4ischer L\u00e4nder aktuell. Jedes Jahr erweitern wir die Produktpalette oder f\u00fchren neue Produktgruppen ein.<\/p>\n<h2><strong>Einzigartigkeit<\/strong><\/h2>\n<p style=\"text-align: justify;\">ROADWIN garantiert europ\u00e4ische Qualit\u00e4t, professionellen Service und p\u00fcnktliche Lieferung von Ersatzteilen f\u00fcr Nutzfahrzeuge. Unsere Ersatzteile werden in Europa mit moderner Technologie und st\u00e4ndiger Qualit\u00e4tskontrolle entwickelt. Aufgrund langj\u00e4hriger Erfahrung werden Ersatzteile mit hoher Qualit\u00e4t hergestellt.<\/p>\n<p style=\"text-align: justify;\">Roadwin ist ein 100%iger Zweitmarktteilnehmer, der Ersatzteile f\u00fcr LKW und Anh\u00e4nger von f\u00fchrenden europ\u00e4ischen Kfz-Herstellern liefert.<\/p>\n<p>Die Produktpalette umfasst:<\/p>\n<ul style=\"text-align: justify;\">\n<li>40 Produktgruppen<\/li>\n<li>Mehr als 2200 Teile und Baugruppen<\/li>\n<li>Mehr als 30.000 Herstellercodes<\/li>\n<\/ul>\n<p style=\"text-align: justify;\">Alle Teile des Roadwin-Katalogs sind durch EAC-Zertifikat zugelassen.<\/p>\n<h2><strong>Team<\/strong>:<\/h2>\n<ul>\n<li style=\"list-style-type: none;\">\n<ul>\n<li style=\"text-align: justify;\">Familienbetrieb<\/li>\n<li style=\"text-align: justify;\">30 Jahre auf dem Lkw-Ersatzteilenmarkt<\/li>\n<li style=\"text-align: justify;\">Das Managementsystem entspricht dem ISO 9001:2015 Standard<\/li>\n<li style=\"text-align: justify;\">Mitglied der Industrie- und Handelskammer<\/li>\n<li style=\"text-align: justify;\">Gr\u00fcnder von LAuGEA \u2013 des litauischen Verbandes der Autoteilehersteller und -exporteure<\/li>\n<\/ul>\n<\/li>\n<\/ul>\n","protected":false},"excerpt":{"rendered":"<p>Roadwin \u2013 Der effektivste Weg f\u00fcr die Gew\u00e4hrleitung der erfolgreichen Arbeit von H\u00e4ndlern und Transportunternehmen. \u00dcber uns ROADWIN ist eine Qualit\u00e4tsmarke aus Nordeuropa, entwickelt und basiert auf langfristigen Investitionen in Menschen und Materialien. Die Hauptt\u00e4tigkeit ist die Produktion und der Vertrieb von Ersatzteilen f\u00fcr Nutzfahrzeuge. Die Teile werden in Werken hergestellt, die mit gro\u00dfer Verantwortung&#8230;<\/p>\n","protected":false},"author":1,"featured_media":0,"parent":0,"menu_order":0,"comment_status":"closed","ping_status":"closed","template":"templates\/about.php","meta":{"_acf_changed":false,"_themeisle_gutenberg_block_has_review":false,"footnotes":""},"class_list":["post-6270","page","type-page","status-publish","hentry"],"acf":[],"yoast_head":"<!-- This site is optimized with the Yoast SEO plugin v27.5 - https:\/\/yoast.com\/product\/yoast-seo-wordpress\/ -->\n<title>\u00dcber uns - Roadwin<\/title>\n<meta name=\"robots\" content=\"index, follow, max-snippet:-1, max-image-preview:large, max-video-preview:-1\" \/>\n<link rel=\"canonical\" href=\"https:\/\/roadwin.eu\/about\/\" \/>\n<meta property=\"og:locale\" content=\"de_DE\" \/>\n<meta property=\"og:type\" content=\"article\" \/>\n<meta property=\"og:title\" content=\"\u00dcber uns - Roadwin\" \/>\n<meta property=\"og:description\" content=\"Roadwin \u2013 Der effektivste Weg f\u00fcr die Gew\u00e4hrleitung der erfolgreichen Arbeit von H\u00e4ndlern und Transportunternehmen. \u00dcber uns ROADWIN ist eine Qualit\u00e4tsmarke aus Nordeuropa, entwickelt und basiert auf langfristigen Investitionen in Menschen und Materialien. Die Hauptt\u00e4tigkeit ist die Produktion und der Vertrieb von Ersatzteilen f\u00fcr Nutzfahrzeuge. Die Teile werden in Werken hergestellt, die mit gro\u00dfer Verantwortung...\" \/>\n<meta property=\"og:url\" content=\"https:\/\/roadwin.eu\/about\/\" \/>\n<meta property=\"og:site_name\" content=\"Roadwin\" \/>\n<meta property=\"article:modified_time\" content=\"2024-04-03T09:54:00+00:00\" \/>\n<meta name=\"twitter:card\" content=\"summary_large_image\" \/>\n<meta name=\"twitter:label1\" content=\"Gesch\u00e4tzte Lesezeit\" \/>\n\t<meta name=\"twitter:data1\" content=\"2\u00a0Minuten\" \/>\n<script type=\"application\/ld+json\" class=\"yoast-schema-graph\">{\"@context\":\"https:\\\/\\\/schema.org\",\"@graph\":[{\"@type\":\"WebPage\",\"@id\":\"https:\\\/\\\/roadwin.eu\\\/about\\\/\",\"url\":\"https:\\\/\\\/roadwin.eu\\\/about\\\/\",\"name\":\"\u00dcber uns - Roadwin\",\"isPartOf\":{\"@id\":\"https:\\\/\\\/roadwin.eu\\\/#website\"},\"datePublished\":\"2021-04-20T06:22:57+00:00\",\"dateModified\":\"2024-04-03T09:54:00+00:00\",\"breadcrumb\":{\"@id\":\"https:\\\/\\\/roadwin.eu\\\/about\\\/#breadcrumb\"},\"inLanguage\":\"de\",\"potentialAction\":[{\"@type\":\"ReadAction\",\"target\":[\"https:\\\/\\\/roadwin.eu\\\/about\\\/\"]}]},{\"@type\":\"BreadcrumbList\",\"@id\":\"https:\\\/\\\/roadwin.eu\\\/about\\\/#breadcrumb\",\"itemListElement\":[{\"@type\":\"ListItem\",\"position\":1,\"name\":\"Home\",\"item\":\"https:\\\/\\\/roadwin.eu\\\/de\\\/\"},{\"@type\":\"ListItem\",\"position\":2,\"name\":\"\u00dcber uns\"}]},{\"@type\":\"WebSite\",\"@id\":\"https:\\\/\\\/roadwin.eu\\\/#website\",\"url\":\"https:\\\/\\\/roadwin.eu\\\/\",\"name\":\"Roadwin\",\"description\":\"\",\"publisher\":{\"@id\":\"https:\\\/\\\/roadwin.eu\\\/#organization\"},\"potentialAction\":[{\"@type\":\"SearchAction\",\"target\":{\"@type\":\"EntryPoint\",\"urlTemplate\":\"https:\\\/\\\/roadwin.eu\\\/?s={search_term_string}\"},\"query-input\":{\"@type\":\"PropertyValueSpecification\",\"valueRequired\":true,\"valueName\":\"search_term_string\"}}],\"inLanguage\":\"de\"},{\"@type\":\"Organization\",\"@id\":\"https:\\\/\\\/roadwin.eu\\\/#organization\",\"name\":\"Jupojos Technika\",\"url\":\"https:\\\/\\\/roadwin.eu\\\/\",\"logo\":{\"@type\":\"ImageObject\",\"inLanguage\":\"de\",\"@id\":\"https:\\\/\\\/roadwin.eu\\\/#\\\/schema\\\/logo\\\/image\\\/\",\"url\":\"http:\\\/\\\/roadwin.eu\\\/wp-content\\\/uploads\\\/2021\\\/04\\\/logo.png\",\"contentUrl\":\"http:\\\/\\\/roadwin.eu\\\/wp-content\\\/uploads\\\/2021\\\/04\\\/logo.png\",\"width\":345,\"height\":39,\"caption\":\"Jupojos Technika\"},\"image\":{\"@id\":\"https:\\\/\\\/roadwin.eu\\\/#\\\/schema\\\/logo\\\/image\\\/\"}}]}<\/script>\n<!-- \/ Yoast SEO plugin. -->","yoast_head_json":{"title":"\u00dcber uns - Roadwin","robots":{"index":"index","follow":"follow","max-snippet":"max-snippet:-1","max-image-preview":"max-image-preview:large","max-video-preview":"max-video-preview:-1"},"canonical":"https:\/\/roadwin.eu\/about\/","og_locale":"de_DE","og_type":"article","og_title":"\u00dcber uns - Roadwin","og_description":"Roadwin \u2013 Der effektivste Weg f\u00fcr die Gew\u00e4hrleitung der erfolgreichen Arbeit von H\u00e4ndlern und Transportunternehmen. \u00dcber uns ROADWIN ist eine Qualit\u00e4tsmarke aus Nordeuropa, entwickelt und basiert auf langfristigen Investitionen in Menschen und Materialien. Die Hauptt\u00e4tigkeit ist die Produktion und der Vertrieb von Ersatzteilen f\u00fcr Nutzfahrzeuge. Die Teile werden in Werken hergestellt, die mit gro\u00dfer Verantwortung...","og_url":"https:\/\/roadwin.eu\/about\/","og_site_name":"Roadwin","article_modified_time":"2024-04-03T09:54:00+00:00","twitter_card":"summary_large_image","twitter_misc":{"Gesch\u00e4tzte Lesezeit":"2\u00a0Minuten"},"schema":{"@context":"https:\/\/schema.org","@graph":[{"@type":"WebPage","@id":"https:\/\/roadwin.eu\/about\/","url":"https:\/\/roadwin.eu\/about\/","name":"\u00dcber uns - Roadwin","isPartOf":{"@id":"https:\/\/roadwin.eu\/#website"},"datePublished":"2021-04-20T06:22:57+00:00","dateModified":"2024-04-03T09:54:00+00:00","breadcrumb":{"@id":"https:\/\/roadwin.eu\/about\/#breadcrumb"},"inLanguage":"de","potentialAction":[{"@type":"ReadAction","target":["https:\/\/roadwin.eu\/about\/"]}]},{"@type":"BreadcrumbList","@id":"https:\/\/roadwin.eu\/about\/#breadcrumb","itemListElement":[{"@type":"ListItem","position":1,"name":"Home","item":"https:\/\/roadwin.eu\/de\/"},{"@type":"ListItem","position":2,"name":"\u00dcber uns"}]},{"@type":"WebSite","@id":"https:\/\/roadwin.eu\/#website","url":"https:\/\/roadwin.eu\/","name":"Roadwin","description":"","publisher":{"@id":"https:\/\/roadwin.eu\/#organization"},"potentialAction":[{"@type":"SearchAction","target":{"@type":"EntryPoint","urlTemplate":"https:\/\/roadwin.eu\/?s={search_term_string}"},"query-input":{"@type":"PropertyValueSpecification","valueRequired":true,"valueName":"search_term_string"}}],"inLanguage":"de"},{"@type":"Organization","@id":"https:\/\/roadwin.eu\/#organization","name":"Jupojos Technika","url":"https:\/\/roadwin.eu\/","logo":{"@type":"ImageObject","inLanguage":"de","@id":"https:\/\/roadwin.eu\/#\/schema\/logo\/image\/","url":"http:\/\/roadwin.eu\/wp-content\/uploads\/2021\/04\/logo.png","contentUrl":"http:\/\/roadwin.eu\/wp-content\/uploads\/2021\/04\/logo.png","width":345,"height":39,"caption":"Jupojos Technika"},"image":{"@id":"https:\/\/roadwin.eu\/#\/schema\/logo\/image\/"}}]}},"_links":{"self":[{"href":"https:\/\/roadwin.eu\/de\/wp-json\/wp\/v2\/pages\/6270","targetHints":{"allow":["GET"]}}],"collection":[{"href":"https:\/\/roadwin.eu\/de\/wp-json\/wp\/v2\/pages"}],"about":[{"href":"https:\/\/roadwin.eu\/de\/wp-json\/wp\/v2\/types\/page"}],"author":[{"embeddable":true,"href":"https:\/\/roadwin.eu\/de\/wp-json\/wp\/v2\/users\/1"}],"replies":[{"embeddable":true,"href":"https:\/\/roadwin.eu\/de\/wp-json\/wp\/v2\/comments?post=6270"}],"version-history":[{"count":4,"href":"https:\/\/roadwin.eu\/de\/wp-json\/wp\/v2\/pages\/6270\/revisions"}],"predecessor-version":[{"id":16113,"href":"https:\/\/roadwin.eu\/de\/wp-json\/wp\/v2\/pages\/6270\/revisions\/16113"}],"wp:attachment":[{"href":"https:\/\/roadwin.eu\/de\/wp-json\/wp\/v2\/media?parent=6270"}],"curies":[{"name":"wp","href":"https:\/\/api.w.org\/{rel}","templated":true}]}}