{"id":6262,"date":"2021-04-20T07:23:21","date_gmt":"2021-04-20T06:23:21","guid":{"rendered":"http:\/\/roadwin.eu\/quality-and-control\/"},"modified":"2021-08-24T06:56:47","modified_gmt":"2021-08-24T05:56:47","slug":"qualitat-und-kontrolle","status":"publish","type":"page","link":"https:\/\/roadwin.eu\/de\/qualitat-und-kontrolle\/","title":{"rendered":"Qualit\u00e4t und Kontrolle"},"content":{"rendered":"<p><img loading=\"lazy\" decoding=\"async\" class=\"size-medium wp-image-5645 alignright\" src=\"http:\/\/roadwin.eu\/wp-content\/uploads\/2021\/06\/quality01-225x300.png\" alt=\"Quality and control\" width=\"225\" height=\"300\" srcset=\"https:\/\/roadwin.eu\/wp-content\/uploads\/2021\/06\/quality01-225x300.png 225w, https:\/\/roadwin.eu\/wp-content\/uploads\/2021\/06\/quality01.png 281w\" sizes=\"auto, (max-width: 225px) 100vw, 225px\" \/><\/p>\n<ul>\n<li style=\"text-align: justify;\">Zusammenarbeit mit MITA (Agent\u00fcr f\u00fcr Wissenschaft, Innovationen und Technologien) erm\u00f6glicht die Umsetzung von Innovationen, Forschungen und verbessert die Qualit\u00e4t.<\/li>\n<li style=\"text-align: justify;\">Das \u00f6rtliche Universit\u00e4tspr\u00fcfzentrum und die Fachhochschulen stellen die Basis f\u00fcr Forschungen zu Verf\u00fcgung und entwickeln Ger\u00e4te zur Qualit\u00e4tskontrolle.<\/li>\n<li style=\"text-align: justify;\">Durch die langj\u00e4hrige Zusammenarbeit mit dem Pr\u00fcflabor des Technischen Dienstes der Wirtschaftskommission der Vereinten Nationen werden detaillierte Eigenschaften der verwendeten Materialien ermittelt. Aus diesem Grund wissen wir Bescheid, dass wir die erstklassige Produkte liefern k\u00f6nnen.<\/li>\n<li style=\"text-align: justify;\">Werke in 6 L\u00e4ndern produzieren Teile f\u00fcr bekannte europ\u00e4ische Marken.<\/li>\n<li style=\"text-align: justify;\">Die Produktion wird nach ISO \/ TS16949, T\u00dcV-Standards kontrolliert.<\/li>\n<li style=\"text-align: justify;\">F\u00fcr die Qualit\u00e4tskontrolle im Unternehmen wird der AQL-Prozess (Acceptable Quality Level) verwendet, um zu verhindern, dass minderwertige Produkte auf den Markt gelangen.<\/li>\n<li style=\"text-align: justify;\">Die oben genannten Schritte erm\u00f6glichen es die Ersatzteile von \u201eRoadwin\u201c nach Qualit\u00e4tsstandards von OE- zu produzieren.<\/li>\n<\/ul>\n","protected":false},"excerpt":{"rendered":"<p>Zusammenarbeit mit MITA (Agent\u00fcr f\u00fcr Wissenschaft, Innovationen und Technologien) erm\u00f6glicht die Umsetzung von Innovationen, Forschungen und verbessert die Qualit\u00e4t. Das \u00f6rtliche Universit\u00e4tspr\u00fcfzentrum und die Fachhochschulen stellen die Basis f\u00fcr Forschungen zu Verf\u00fcgung und entwickeln Ger\u00e4te zur Qualit\u00e4tskontrolle. Durch die langj\u00e4hrige Zusammenarbeit mit dem Pr\u00fcflabor des Technischen Dienstes der Wirtschaftskommission der Vereinten Nationen werden detaillierte Eigenschaften&#8230;<\/p>\n","protected":false},"author":1,"featured_media":0,"parent":0,"menu_order":0,"comment_status":"closed","ping_status":"closed","template":"","meta":{"_acf_changed":false,"_themeisle_gutenberg_block_has_review":false,"footnotes":""},"class_list":["post-6262","page","type-page","status-publish","hentry"],"acf":[],"yoast_head":"<!-- This site is optimized with the Yoast SEO plugin v27.5 - https:\/\/yoast.com\/product\/yoast-seo-wordpress\/ -->\n<title>Qualit\u00e4t und Kontrolle - Roadwin<\/title>\n<meta name=\"robots\" content=\"index, follow, max-snippet:-1, max-image-preview:large, max-video-preview:-1\" \/>\n<link rel=\"canonical\" href=\"https:\/\/roadwin.eu\/de\/qualitat-und-kontrolle\/\" \/>\n<meta property=\"og:locale\" content=\"de_DE\" \/>\n<meta property=\"og:type\" content=\"article\" \/>\n<meta property=\"og:title\" content=\"Qualit\u00e4t und Kontrolle - Roadwin\" \/>\n<meta property=\"og:description\" content=\"Zusammenarbeit mit MITA (Agent\u00fcr f\u00fcr Wissenschaft, Innovationen und Technologien) erm\u00f6glicht die Umsetzung von Innovationen, Forschungen und verbessert die Qualit\u00e4t. Das \u00f6rtliche Universit\u00e4tspr\u00fcfzentrum und die Fachhochschulen stellen die Basis f\u00fcr Forschungen zu Verf\u00fcgung und entwickeln Ger\u00e4te zur Qualit\u00e4tskontrolle. Durch die langj\u00e4hrige Zusammenarbeit mit dem Pr\u00fcflabor des Technischen Dienstes der Wirtschaftskommission der Vereinten Nationen werden detaillierte Eigenschaften...\" \/>\n<meta property=\"og:url\" content=\"https:\/\/roadwin.eu\/de\/qualitat-und-kontrolle\/\" \/>\n<meta property=\"og:site_name\" content=\"Roadwin\" \/>\n<meta property=\"article:modified_time\" content=\"2021-08-24T05:56:47+00:00\" \/>\n<meta property=\"og:image\" content=\"http:\/\/roadwin.eu\/wp-content\/uploads\/2021\/06\/quality01-225x300.png\" \/>\n<meta name=\"twitter:card\" content=\"summary_large_image\" \/>\n<meta name=\"twitter:label1\" content=\"Gesch\u00e4tzte Lesezeit\" \/>\n\t<meta name=\"twitter:data1\" content=\"1\u00a0Minute\" \/>\n<script type=\"application\/ld+json\" class=\"yoast-schema-graph\">{\"@context\":\"https:\\\/\\\/schema.org\",\"@graph\":[{\"@type\":\"WebPage\",\"@id\":\"https:\\\/\\\/roadwin.eu\\\/de\\\/qualitat-und-kontrolle\\\/\",\"url\":\"https:\\\/\\\/roadwin.eu\\\/de\\\/qualitat-und-kontrolle\\\/\",\"name\":\"Qualit\u00e4t und Kontrolle - Roadwin\",\"isPartOf\":{\"@id\":\"https:\\\/\\\/roadwin.eu\\\/#website\"},\"primaryImageOfPage\":{\"@id\":\"https:\\\/\\\/roadwin.eu\\\/de\\\/qualitat-und-kontrolle\\\/#primaryimage\"},\"image\":{\"@id\":\"https:\\\/\\\/roadwin.eu\\\/de\\\/qualitat-und-kontrolle\\\/#primaryimage\"},\"thumbnailUrl\":\"http:\\\/\\\/roadwin.eu\\\/wp-content\\\/uploads\\\/2021\\\/06\\\/quality01-225x300.png\",\"datePublished\":\"2021-04-20T06:23:21+00:00\",\"dateModified\":\"2021-08-24T05:56:47+00:00\",\"breadcrumb\":{\"@id\":\"https:\\\/\\\/roadwin.eu\\\/de\\\/qualitat-und-kontrolle\\\/#breadcrumb\"},\"inLanguage\":\"de\",\"potentialAction\":[{\"@type\":\"ReadAction\",\"target\":[\"https:\\\/\\\/roadwin.eu\\\/de\\\/qualitat-und-kontrolle\\\/\"]}]},{\"@type\":\"ImageObject\",\"inLanguage\":\"de\",\"@id\":\"https:\\\/\\\/roadwin.eu\\\/de\\\/qualitat-und-kontrolle\\\/#primaryimage\",\"url\":\"http:\\\/\\\/roadwin.eu\\\/wp-content\\\/uploads\\\/2021\\\/06\\\/quality01-225x300.png\",\"contentUrl\":\"http:\\\/\\\/roadwin.eu\\\/wp-content\\\/uploads\\\/2021\\\/06\\\/quality01-225x300.png\"},{\"@type\":\"BreadcrumbList\",\"@id\":\"https:\\\/\\\/roadwin.eu\\\/de\\\/qualitat-und-kontrolle\\\/#breadcrumb\",\"itemListElement\":[{\"@type\":\"ListItem\",\"position\":1,\"name\":\"Home\",\"item\":\"https:\\\/\\\/roadwin.eu\\\/de\\\/\"},{\"@type\":\"ListItem\",\"position\":2,\"name\":\"Qualit\u00e4t und Kontrolle\"}]},{\"@type\":\"WebSite\",\"@id\":\"https:\\\/\\\/roadwin.eu\\\/#website\",\"url\":\"https:\\\/\\\/roadwin.eu\\\/\",\"name\":\"Roadwin\",\"description\":\"\",\"publisher\":{\"@id\":\"https:\\\/\\\/roadwin.eu\\\/#organization\"},\"potentialAction\":[{\"@type\":\"SearchAction\",\"target\":{\"@type\":\"EntryPoint\",\"urlTemplate\":\"https:\\\/\\\/roadwin.eu\\\/?s={search_term_string}\"},\"query-input\":{\"@type\":\"PropertyValueSpecification\",\"valueRequired\":true,\"valueName\":\"search_term_string\"}}],\"inLanguage\":\"de\"},{\"@type\":\"Organization\",\"@id\":\"https:\\\/\\\/roadwin.eu\\\/#organization\",\"name\":\"Jupojos Technika\",\"url\":\"https:\\\/\\\/roadwin.eu\\\/\",\"logo\":{\"@type\":\"ImageObject\",\"inLanguage\":\"de\",\"@id\":\"https:\\\/\\\/roadwin.eu\\\/#\\\/schema\\\/logo\\\/image\\\/\",\"url\":\"http:\\\/\\\/roadwin.eu\\\/wp-content\\\/uploads\\\/2021\\\/04\\\/logo.png\",\"contentUrl\":\"http:\\\/\\\/roadwin.eu\\\/wp-content\\\/uploads\\\/2021\\\/04\\\/logo.png\",\"width\":345,\"height\":39,\"caption\":\"Jupojos Technika\"},\"image\":{\"@id\":\"https:\\\/\\\/roadwin.eu\\\/#\\\/schema\\\/logo\\\/image\\\/\"}}]}<\/script>\n<!-- \/ Yoast SEO plugin. -->","yoast_head_json":{"title":"Qualit\u00e4t und Kontrolle - Roadwin","robots":{"index":"index","follow":"follow","max-snippet":"max-snippet:-1","max-image-preview":"max-image-preview:large","max-video-preview":"max-video-preview:-1"},"canonical":"https:\/\/roadwin.eu\/de\/qualitat-und-kontrolle\/","og_locale":"de_DE","og_type":"article","og_title":"Qualit\u00e4t und Kontrolle - Roadwin","og_description":"Zusammenarbeit mit MITA (Agent\u00fcr f\u00fcr Wissenschaft, Innovationen und Technologien) erm\u00f6glicht die Umsetzung von Innovationen, Forschungen und verbessert die Qualit\u00e4t. Das \u00f6rtliche Universit\u00e4tspr\u00fcfzentrum und die Fachhochschulen stellen die Basis f\u00fcr Forschungen zu Verf\u00fcgung und entwickeln Ger\u00e4te zur Qualit\u00e4tskontrolle. Durch die langj\u00e4hrige Zusammenarbeit mit dem Pr\u00fcflabor des Technischen Dienstes der Wirtschaftskommission der Vereinten Nationen werden detaillierte Eigenschaften...","og_url":"https:\/\/roadwin.eu\/de\/qualitat-und-kontrolle\/","og_site_name":"Roadwin","article_modified_time":"2021-08-24T05:56:47+00:00","og_image":[{"url":"http:\/\/roadwin.eu\/wp-content\/uploads\/2021\/06\/quality01-225x300.png","type":"","width":"","height":""}],"twitter_card":"summary_large_image","twitter_misc":{"Gesch\u00e4tzte Lesezeit":"1\u00a0Minute"},"schema":{"@context":"https:\/\/schema.org","@graph":[{"@type":"WebPage","@id":"https:\/\/roadwin.eu\/de\/qualitat-und-kontrolle\/","url":"https:\/\/roadwin.eu\/de\/qualitat-und-kontrolle\/","name":"Qualit\u00e4t und Kontrolle - Roadwin","isPartOf":{"@id":"https:\/\/roadwin.eu\/#website"},"primaryImageOfPage":{"@id":"https:\/\/roadwin.eu\/de\/qualitat-und-kontrolle\/#primaryimage"},"image":{"@id":"https:\/\/roadwin.eu\/de\/qualitat-und-kontrolle\/#primaryimage"},"thumbnailUrl":"http:\/\/roadwin.eu\/wp-content\/uploads\/2021\/06\/quality01-225x300.png","datePublished":"2021-04-20T06:23:21+00:00","dateModified":"2021-08-24T05:56:47+00:00","breadcrumb":{"@id":"https:\/\/roadwin.eu\/de\/qualitat-und-kontrolle\/#breadcrumb"},"inLanguage":"de","potentialAction":[{"@type":"ReadAction","target":["https:\/\/roadwin.eu\/de\/qualitat-und-kontrolle\/"]}]},{"@type":"ImageObject","inLanguage":"de","@id":"https:\/\/roadwin.eu\/de\/qualitat-und-kontrolle\/#primaryimage","url":"http:\/\/roadwin.eu\/wp-content\/uploads\/2021\/06\/quality01-225x300.png","contentUrl":"http:\/\/roadwin.eu\/wp-content\/uploads\/2021\/06\/quality01-225x300.png"},{"@type":"BreadcrumbList","@id":"https:\/\/roadwin.eu\/de\/qualitat-und-kontrolle\/#breadcrumb","itemListElement":[{"@type":"ListItem","position":1,"name":"Home","item":"https:\/\/roadwin.eu\/de\/"},{"@type":"ListItem","position":2,"name":"Qualit\u00e4t und Kontrolle"}]},{"@type":"WebSite","@id":"https:\/\/roadwin.eu\/#website","url":"https:\/\/roadwin.eu\/","name":"Roadwin","description":"","publisher":{"@id":"https:\/\/roadwin.eu\/#organization"},"potentialAction":[{"@type":"SearchAction","target":{"@type":"EntryPoint","urlTemplate":"https:\/\/roadwin.eu\/?s={search_term_string}"},"query-input":{"@type":"PropertyValueSpecification","valueRequired":true,"valueName":"search_term_string"}}],"inLanguage":"de"},{"@type":"Organization","@id":"https:\/\/roadwin.eu\/#organization","name":"Jupojos Technika","url":"https:\/\/roadwin.eu\/","logo":{"@type":"ImageObject","inLanguage":"de","@id":"https:\/\/roadwin.eu\/#\/schema\/logo\/image\/","url":"http:\/\/roadwin.eu\/wp-content\/uploads\/2021\/04\/logo.png","contentUrl":"http:\/\/roadwin.eu\/wp-content\/uploads\/2021\/04\/logo.png","width":345,"height":39,"caption":"Jupojos Technika"},"image":{"@id":"https:\/\/roadwin.eu\/#\/schema\/logo\/image\/"}}]}},"_links":{"self":[{"href":"https:\/\/roadwin.eu\/de\/wp-json\/wp\/v2\/pages\/6262","targetHints":{"allow":["GET"]}}],"collection":[{"href":"https:\/\/roadwin.eu\/de\/wp-json\/wp\/v2\/pages"}],"about":[{"href":"https:\/\/roadwin.eu\/de\/wp-json\/wp\/v2\/types\/page"}],"author":[{"embeddable":true,"href":"https:\/\/roadwin.eu\/de\/wp-json\/wp\/v2\/users\/1"}],"replies":[{"embeddable":true,"href":"https:\/\/roadwin.eu\/de\/wp-json\/wp\/v2\/comments?post=6262"}],"version-history":[{"count":2,"href":"https:\/\/roadwin.eu\/de\/wp-json\/wp\/v2\/pages\/6262\/revisions"}],"predecessor-version":[{"id":6264,"href":"https:\/\/roadwin.eu\/de\/wp-json\/wp\/v2\/pages\/6262\/revisions\/6264"}],"wp:attachment":[{"href":"https:\/\/roadwin.eu\/de\/wp-json\/wp\/v2\/media?parent=6262"}],"curies":[{"name":"wp","href":"https:\/\/api.w.org\/{rel}","templated":true}]}}