{"id":6250,"date":"2021-04-20T07:23:29","date_gmt":"2021-04-20T06:23:29","guid":{"rendered":"http:\/\/roadwin.eu\/market\/"},"modified":"2024-12-11T08:38:16","modified_gmt":"2024-12-11T08:38:16","slug":"markt","status":"publish","type":"page","link":"https:\/\/roadwin.eu\/de\/markt\/","title":{"rendered":"Markt"},"content":{"rendered":"<p>2008 haben wir den Markennamen Roadwin gegr\u00fcndet. Bis heute ist es in mehr als 20 L\u00e4ndern in Ost- und Nordeuropa, dem Nahen Osten und Zentralasien bekannt und verbreitet.<\/p>\n<p>Unsere Zielgruppe sind autorisierte Distributoren weltweit und Endkunden im Baltikum \u2013 Shops, Services, Transportunternehmen und Betreiber der \u00f6ffentlichen Verkehrsmitteln. Wir verstehen Ihre Bed\u00fcrfnisse und bem\u00fchen uns, Ihnen L\u00f6sungen von h\u00f6chster Qualit\u00e4t anzubieten.<\/p>\n<p>Wir sind aktive Teilnehmer an internationalen Messen \u2013 den \u201eRoadwin\u201c-Stand k\u00f6nnen Sie auf Veranstaltungen wie \u201eAutomechanika\u201c und MIMS sehen, wo wir nicht nur unser Produktsortiment pr\u00e4sentieren, sondern auch neue Kontakte kn\u00fcpfen m\u00f6chten.<\/p>\n<p>Wir erweitern st\u00e4ndig unsere Kooperationsm\u00f6glichkeiten und <strong>sind immer auf der Suche nach Vertriebspartnern<\/strong>! M\u00f6chten Sie mitmachen? Unsere Kontakte finden Sie <a href=\"https:\/\/roadwin.eu\/de\/contacts\/\">HIER<\/a>.<\/p>\n","protected":false},"excerpt":{"rendered":"<p>2008 haben wir den Markennamen Roadwin gegr\u00fcndet. Bis heute ist es in mehr als 20 L\u00e4ndern in Ost- und Nordeuropa, dem Nahen Osten und Zentralasien bekannt und verbreitet. Unsere Zielgruppe sind autorisierte Distributoren weltweit und Endkunden im Baltikum \u2013 Shops, Services, Transportunternehmen und Betreiber der \u00f6ffentlichen Verkehrsmitteln. Wir verstehen Ihre Bed\u00fcrfnisse und bem\u00fchen uns, Ihnen&#8230;<\/p>\n","protected":false},"author":1,"featured_media":0,"parent":0,"menu_order":0,"comment_status":"closed","ping_status":"closed","template":"templates\/market.php","meta":{"_acf_changed":false,"_themeisle_gutenberg_block_has_review":false,"footnotes":""},"class_list":["post-6250","page","type-page","status-publish","hentry"],"acf":[],"yoast_head":"<!-- This site is optimized with the Yoast SEO plugin v27.5 - https:\/\/yoast.com\/product\/yoast-seo-wordpress\/ -->\n<title>Markt - Roadwin<\/title>\n<meta name=\"robots\" content=\"index, follow, max-snippet:-1, max-image-preview:large, max-video-preview:-1\" \/>\n<link rel=\"canonical\" href=\"https:\/\/roadwin.eu\/market\/\" \/>\n<meta property=\"og:locale\" content=\"de_DE\" \/>\n<meta property=\"og:type\" content=\"article\" \/>\n<meta property=\"og:title\" content=\"Markt - Roadwin\" \/>\n<meta property=\"og:description\" content=\"2008 haben wir den Markennamen Roadwin gegr\u00fcndet. Bis heute ist es in mehr als 20 L\u00e4ndern in Ost- und Nordeuropa, dem Nahen Osten und Zentralasien bekannt und verbreitet. Unsere Zielgruppe sind autorisierte Distributoren weltweit und Endkunden im Baltikum \u2013 Shops, Services, Transportunternehmen und Betreiber der \u00f6ffentlichen Verkehrsmitteln. Wir verstehen Ihre Bed\u00fcrfnisse und bem\u00fchen uns, Ihnen...\" \/>\n<meta property=\"og:url\" content=\"https:\/\/roadwin.eu\/market\/\" \/>\n<meta property=\"og:site_name\" content=\"Roadwin\" \/>\n<meta property=\"article:modified_time\" content=\"2024-12-11T08:38:16+00:00\" \/>\n<meta name=\"twitter:card\" content=\"summary_large_image\" \/>\n<meta name=\"twitter:label1\" content=\"Gesch\u00e4tzte Lesezeit\" \/>\n\t<meta name=\"twitter:data1\" content=\"1\u00a0Minute\" \/>\n<script type=\"application\/ld+json\" class=\"yoast-schema-graph\">{\"@context\":\"https:\\\/\\\/schema.org\",\"@graph\":[{\"@type\":\"WebPage\",\"@id\":\"https:\\\/\\\/roadwin.eu\\\/market\\\/\",\"url\":\"https:\\\/\\\/roadwin.eu\\\/market\\\/\",\"name\":\"Markt - Roadwin\",\"isPartOf\":{\"@id\":\"https:\\\/\\\/roadwin.eu\\\/#website\"},\"datePublished\":\"2021-04-20T06:23:29+00:00\",\"dateModified\":\"2024-12-11T08:38:16+00:00\",\"breadcrumb\":{\"@id\":\"https:\\\/\\\/roadwin.eu\\\/market\\\/#breadcrumb\"},\"inLanguage\":\"de\",\"potentialAction\":[{\"@type\":\"ReadAction\",\"target\":[\"https:\\\/\\\/roadwin.eu\\\/market\\\/\"]}]},{\"@type\":\"BreadcrumbList\",\"@id\":\"https:\\\/\\\/roadwin.eu\\\/market\\\/#breadcrumb\",\"itemListElement\":[{\"@type\":\"ListItem\",\"position\":1,\"name\":\"Home\",\"item\":\"https:\\\/\\\/roadwin.eu\\\/de\\\/\"},{\"@type\":\"ListItem\",\"position\":2,\"name\":\"Markt\"}]},{\"@type\":\"WebSite\",\"@id\":\"https:\\\/\\\/roadwin.eu\\\/#website\",\"url\":\"https:\\\/\\\/roadwin.eu\\\/\",\"name\":\"Roadwin\",\"description\":\"\",\"publisher\":{\"@id\":\"https:\\\/\\\/roadwin.eu\\\/#organization\"},\"potentialAction\":[{\"@type\":\"SearchAction\",\"target\":{\"@type\":\"EntryPoint\",\"urlTemplate\":\"https:\\\/\\\/roadwin.eu\\\/?s={search_term_string}\"},\"query-input\":{\"@type\":\"PropertyValueSpecification\",\"valueRequired\":true,\"valueName\":\"search_term_string\"}}],\"inLanguage\":\"de\"},{\"@type\":\"Organization\",\"@id\":\"https:\\\/\\\/roadwin.eu\\\/#organization\",\"name\":\"Jupojos Technika\",\"url\":\"https:\\\/\\\/roadwin.eu\\\/\",\"logo\":{\"@type\":\"ImageObject\",\"inLanguage\":\"de\",\"@id\":\"https:\\\/\\\/roadwin.eu\\\/#\\\/schema\\\/logo\\\/image\\\/\",\"url\":\"http:\\\/\\\/roadwin.eu\\\/wp-content\\\/uploads\\\/2021\\\/04\\\/logo.png\",\"contentUrl\":\"http:\\\/\\\/roadwin.eu\\\/wp-content\\\/uploads\\\/2021\\\/04\\\/logo.png\",\"width\":345,\"height\":39,\"caption\":\"Jupojos Technika\"},\"image\":{\"@id\":\"https:\\\/\\\/roadwin.eu\\\/#\\\/schema\\\/logo\\\/image\\\/\"}}]}<\/script>\n<!-- \/ Yoast SEO plugin. -->","yoast_head_json":{"title":"Markt - Roadwin","robots":{"index":"index","follow":"follow","max-snippet":"max-snippet:-1","max-image-preview":"max-image-preview:large","max-video-preview":"max-video-preview:-1"},"canonical":"https:\/\/roadwin.eu\/market\/","og_locale":"de_DE","og_type":"article","og_title":"Markt - Roadwin","og_description":"2008 haben wir den Markennamen Roadwin gegr\u00fcndet. Bis heute ist es in mehr als 20 L\u00e4ndern in Ost- und Nordeuropa, dem Nahen Osten und Zentralasien bekannt und verbreitet. Unsere Zielgruppe sind autorisierte Distributoren weltweit und Endkunden im Baltikum \u2013 Shops, Services, Transportunternehmen und Betreiber der \u00f6ffentlichen Verkehrsmitteln. Wir verstehen Ihre Bed\u00fcrfnisse und bem\u00fchen uns, Ihnen...","og_url":"https:\/\/roadwin.eu\/market\/","og_site_name":"Roadwin","article_modified_time":"2024-12-11T08:38:16+00:00","twitter_card":"summary_large_image","twitter_misc":{"Gesch\u00e4tzte Lesezeit":"1\u00a0Minute"},"schema":{"@context":"https:\/\/schema.org","@graph":[{"@type":"WebPage","@id":"https:\/\/roadwin.eu\/market\/","url":"https:\/\/roadwin.eu\/market\/","name":"Markt - Roadwin","isPartOf":{"@id":"https:\/\/roadwin.eu\/#website"},"datePublished":"2021-04-20T06:23:29+00:00","dateModified":"2024-12-11T08:38:16+00:00","breadcrumb":{"@id":"https:\/\/roadwin.eu\/market\/#breadcrumb"},"inLanguage":"de","potentialAction":[{"@type":"ReadAction","target":["https:\/\/roadwin.eu\/market\/"]}]},{"@type":"BreadcrumbList","@id":"https:\/\/roadwin.eu\/market\/#breadcrumb","itemListElement":[{"@type":"ListItem","position":1,"name":"Home","item":"https:\/\/roadwin.eu\/de\/"},{"@type":"ListItem","position":2,"name":"Markt"}]},{"@type":"WebSite","@id":"https:\/\/roadwin.eu\/#website","url":"https:\/\/roadwin.eu\/","name":"Roadwin","description":"","publisher":{"@id":"https:\/\/roadwin.eu\/#organization"},"potentialAction":[{"@type":"SearchAction","target":{"@type":"EntryPoint","urlTemplate":"https:\/\/roadwin.eu\/?s={search_term_string}"},"query-input":{"@type":"PropertyValueSpecification","valueRequired":true,"valueName":"search_term_string"}}],"inLanguage":"de"},{"@type":"Organization","@id":"https:\/\/roadwin.eu\/#organization","name":"Jupojos Technika","url":"https:\/\/roadwin.eu\/","logo":{"@type":"ImageObject","inLanguage":"de","@id":"https:\/\/roadwin.eu\/#\/schema\/logo\/image\/","url":"http:\/\/roadwin.eu\/wp-content\/uploads\/2021\/04\/logo.png","contentUrl":"http:\/\/roadwin.eu\/wp-content\/uploads\/2021\/04\/logo.png","width":345,"height":39,"caption":"Jupojos Technika"},"image":{"@id":"https:\/\/roadwin.eu\/#\/schema\/logo\/image\/"}}]}},"_links":{"self":[{"href":"https:\/\/roadwin.eu\/de\/wp-json\/wp\/v2\/pages\/6250","targetHints":{"allow":["GET"]}}],"collection":[{"href":"https:\/\/roadwin.eu\/de\/wp-json\/wp\/v2\/pages"}],"about":[{"href":"https:\/\/roadwin.eu\/de\/wp-json\/wp\/v2\/types\/page"}],"author":[{"embeddable":true,"href":"https:\/\/roadwin.eu\/de\/wp-json\/wp\/v2\/users\/1"}],"replies":[{"embeddable":true,"href":"https:\/\/roadwin.eu\/de\/wp-json\/wp\/v2\/comments?post=6250"}],"version-history":[{"count":4,"href":"https:\/\/roadwin.eu\/de\/wp-json\/wp\/v2\/pages\/6250\/revisions"}],"predecessor-version":[{"id":21541,"href":"https:\/\/roadwin.eu\/de\/wp-json\/wp\/v2\/pages\/6250\/revisions\/21541"}],"wp:attachment":[{"href":"https:\/\/roadwin.eu\/de\/wp-json\/wp\/v2\/media?parent=6250"}],"curies":[{"name":"wp","href":"https:\/\/api.w.org\/{rel}","templated":true}]}}