{"id":21944,"date":"2025-05-26T07:12:50","date_gmt":"2025-05-26T06:12:50","guid":{"rendered":"https:\/\/roadwin.eu\/garantija\/"},"modified":"2025-06-09T12:03:59","modified_gmt":"2025-06-09T11:03:59","slug":"garantija","status":"publish","type":"page","link":"https:\/\/roadwin.eu\/de\/garantija\/","title":{"rendered":"Garantie"},"content":{"rendered":"<p><span style=\"font-size: 24px;\"><strong>3-J\u00c4HRIGE HERSTELLERGARANTIE<\/strong><\/span><\/p>\n<p><img loading=\"lazy\" decoding=\"async\" class=\"alignnone wp-image-21956\" src=\"https:\/\/roadwin.eu\/wp-content\/uploads\/2025\/06\/3-jahre-300x198.png\" alt=\"\" width=\"281\" height=\"186\" srcset=\"https:\/\/roadwin.eu\/wp-content\/uploads\/2025\/06\/3-jahre-300x198.png 300w, https:\/\/roadwin.eu\/wp-content\/uploads\/2025\/06\/3-jahre-1024x677.png 1024w, https:\/\/roadwin.eu\/wp-content\/uploads\/2025\/06\/3-jahre-768x508.png 768w, https:\/\/roadwin.eu\/wp-content\/uploads\/2025\/06\/3-jahre-1536x1015.png 1536w, https:\/\/roadwin.eu\/wp-content\/uploads\/2025\/06\/3-jahre.png 1850w\" sizes=\"auto, (max-width: 281px) 100vw, 281px\" \/><\/p>\n<p style=\"text-align: justify;\"><strong>1. G\u00fcltigkeit der Garantie<\/strong><\/p>\n<p style=\"text-align: justify;\">ROADWIN gew\u00e4hrt eine 3-j\u00e4hrige Herstellergarantie auf alle ROADWIN-Ersatzteile, die ab dem 1. Mai 2025 gekauft wurden. Die Garantie gilt f\u00fcr H\u00e4ndler, Werkst\u00e4tten sowie Fahrzeughalter, die das Teil gekauft und eingebaut haben. Die Garantiefrist beginnt mit dem Einbaudatum im Fahrzeug oder \u2013 falls dieses unbekannt ist \u2013 mit dem Kaufdatum. Der Antragsteller muss den Garantieanspruch mit entsprechenden Unterlagen belegen.<\/p>\n<p style=\"text-align: justify;\"><strong>2. Gegenstand der Garantie<\/strong><\/p>\n<p style=\"text-align: justify;\">Die Garantie deckt ausschlie\u00dflich urspr\u00fcngliche Material- und Herstellungsfehler ab, d.\u202fh. M\u00e4ngel, die zum Zeitpunkt des Verkaufs der Ware bereits bestanden. Ein Mangel gilt als Garantiefall, wenn das Teil nicht den vereinbarten oder allgemein \u00fcblichen Qualit\u00e4ts- und Funktionsstandards entspricht. Der Antragsteller hat das Vorliegen eines solchen Mangels mit Kauf- und Einbaudokumenten sowie \u2013 falls gefordert \u2013 durch Vorlage des Teils zur Begutachtung nachzuweisen.<\/p>\n<p style=\"text-align: justify;\"><strong>3. Durchf\u00fchrung der Garantie<\/strong><\/p>\n<p style=\"text-align: justify;\">Wird ein Garantiefall best\u00e4tigt, beh\u00e4lt sich ROADWIN das Recht vor, eine der folgenden Ma\u00dfnahmen zu w\u00e4hlen:<br \/>\n&#8211; Kostenloser Austausch des mangelhaften Teils gegen ein neues oder \u00fcberholtes Teil;<br \/>\n&#8211; R\u00fcckerstattung des im Kaufbeleg angegebenen Produktwertes.<br \/>\nDas Ersatzteil entspricht in Funktion und Qualit\u00e4t dem Original, kann jedoch im Modell oder in der Charge abweichen. Die Garantie deckt keine zus\u00e4tzlichen Kosten ab, wie z.\u202fB. Aus- und Einbaukosten, Ausfallzeiten des Fahrzeugs oder andere indirekte Sch\u00e4den.<\/p>\n<p style=\"text-align: justify;\"><strong>4. Ausschl\u00fcsse von der Garantie<\/strong><\/p>\n<p style=\"text-align: justify;\">Die Garantie gilt nicht bei M\u00e4ngeln, die verursacht wurden durch:<br \/>\n&#8211; normalen Verschlei\u00df oder altersbedingte Materialerm\u00fcdung;<br \/>\n&#8211; unsachgem\u00e4\u00dfen oder nicht fachgerechten Einbau entgegen der Montageanleitung;<br \/>\n&#8211; Transportsch\u00e4den, unsachgem\u00e4\u00dfe Lagerung oder Witterungseinfl\u00fcsse;<br \/>\n&#8211; Einsatz in ungeeigneten Fahrzeugen oder zweckfremde Nutzung;<br \/>\n&#8211; unzul\u00e4ssige bauliche Ver\u00e4nderungen, Besch\u00e4digung von Plomben oder Entfernung von Seriennummern;<br \/>\n&#8211; Unf\u00e4lle, extreme Bedingungen oder h\u00f6here Gewalt.<\/p>\n<p style=\"text-align: justify;\"><strong>5. Einreichung von Garantieanspr\u00fcchen<\/strong><\/p>\n<p style=\"text-align: justify;\">Zur Einreichung eines Garantieanspruchs muss der Kunde das Online-Formular unter folgender Adresse ausf\u00fcllen:<a href=\"http:\/\/jupojostechnika.eu\/reklamacija\/\" target=\"_blank\" rel=\"noopener\"> jupojostechnika.eu\/reklamacija\/<\/a><br \/>\nBei Fragen wenden Sie sich bitte per E-Mail an: <a href=\"mailto:warranty@roadwin.eu\" target=\"_blank\" rel=\"noopener\">warranty@roadwin.eu<\/a><br \/>\nDie Reklamation wird gepr\u00fcft und innerhalb von 14 Tagen beantwortet.<\/p>\n<p style=\"text-align: justify;\">\nROADWIN kann die Vorlage der Ware zur physischen \u00dcberpr\u00fcfung verlangen. Das Produkt ist dem Verk\u00e4ufer zu \u00fcbergeben. In besonderen F\u00e4llen bei Versand durch einen Kurier tr\u00e4gt der Kunde die Versandkosten, welche im Fall eines best\u00e4tigten Garantiefalls erstattet werden. Bei unbegr\u00fcndeten Reklamationen kann eine Bearbeitungsgeb\u00fchr in H\u00f6he von 100 \u20ac erhoben werden.<\/p>\n<p style=\"text-align: justify;\"><strong>6. Einschr\u00e4nkungen und Rechte im Rahmen der Garantie<\/strong><\/p>\n<p style=\"text-align: justify;\">Die Garantie gilt nur f\u00fcr die erste anspruchsberechtigte Person. Eine Inanspruchnahme verl\u00e4ngert den Garantiezeitraum nicht und gilt nicht als neuer Zyklus f\u00fcr ausgetauschte Teile. Diese Garantie ber\u00fchrt nicht die gesetzlichen Rechte des K\u00e4ufers nach nationalem Recht. Es gilt das Recht der Republik Litauen. ROADWIN beh\u00e4lt sich das Recht vor, diese Bedingungen zu aktualisieren \u2013 die jeweils aktuelle Version ist auf www.roadwin.eu einsehbar.<\/p>\n<p style=\"text-align: justify;\"><strong>7. Garantiegeber<\/strong><\/p>\n<p style=\"text-align: justify;\">Die Garantie wird vom Markeninhaber ROADWIN \u2013 UAB \u201eJupojos technika\u201c \u2013 gew\u00e4hrt und die Begutachtung durchgef\u00fchrt.<br \/>\nFirmencode: 145409974<br \/>\nUSt.-Nr.: LT454099716<br \/>\nAdresse: Sodo g. 35B, \u0160iauliai, Litauen<\/p>\n<p>&nbsp;<\/p>\n<p><a href=\"https:\/\/roadwin.eu\/wp-content\/uploads\/2025\/06\/3-jahrige-herstellergarantie.pdf\" target=\"_blank\" rel=\"noopener\"><img loading=\"lazy\" decoding=\"async\" class=\"alignnone wp-image-22068\" src=\"https:\/\/roadwin.eu\/wp-content\/uploads\/2025\/06\/download-300x79.png\" alt=\"\" width=\"181\" height=\"47\" srcset=\"https:\/\/roadwin.eu\/wp-content\/uploads\/2025\/06\/download-300x79.png 300w, https:\/\/roadwin.eu\/wp-content\/uploads\/2025\/06\/download.png 749w\" sizes=\"auto, (max-width: 181px) 100vw, 181px\" \/><\/a><\/p>\n","protected":false},"excerpt":{"rendered":"<p>3-J\u00c4HRIGE HERSTELLERGARANTIE 1. G\u00fcltigkeit der Garantie ROADWIN gew\u00e4hrt eine 3-j\u00e4hrige Herstellergarantie auf alle ROADWIN-Ersatzteile, die ab dem 1. Mai 2025 gekauft wurden. Die Garantie gilt f\u00fcr H\u00e4ndler, Werkst\u00e4tten sowie Fahrzeughalter, die das Teil gekauft und eingebaut haben. Die Garantiefrist beginnt mit dem Einbaudatum im Fahrzeug oder \u2013 falls dieses unbekannt ist \u2013 mit dem Kaufdatum&#8230;.<\/p>\n","protected":false},"author":2,"featured_media":0,"parent":0,"menu_order":0,"comment_status":"closed","ping_status":"closed","template":"","meta":{"_acf_changed":false,"_themeisle_gutenberg_block_has_review":false,"footnotes":""},"class_list":["post-21944","page","type-page","status-publish","hentry"],"acf":[],"yoast_head":"<!-- This site is optimized with the Yoast SEO plugin v27.2 - https:\/\/yoast.com\/product\/yoast-seo-wordpress\/ -->\n<title>Garantie - Roadwin<\/title>\n<meta name=\"robots\" content=\"index, follow, max-snippet:-1, max-image-preview:large, max-video-preview:-1\" \/>\n<link rel=\"canonical\" href=\"https:\/\/roadwin.eu\/de\/garantija\/\" \/>\n<meta property=\"og:locale\" content=\"de_DE\" \/>\n<meta property=\"og:type\" content=\"article\" \/>\n<meta property=\"og:title\" content=\"Garantie - Roadwin\" \/>\n<meta property=\"og:description\" content=\"3-J\u00c4HRIGE HERSTELLERGARANTIE 1. G\u00fcltigkeit der Garantie ROADWIN gew\u00e4hrt eine 3-j\u00e4hrige Herstellergarantie auf alle ROADWIN-Ersatzteile, die ab dem 1. Mai 2025 gekauft wurden. Die Garantie gilt f\u00fcr H\u00e4ndler, Werkst\u00e4tten sowie Fahrzeughalter, die das Teil gekauft und eingebaut haben. Die Garantiefrist beginnt mit dem Einbaudatum im Fahrzeug oder \u2013 falls dieses unbekannt ist \u2013 mit dem Kaufdatum....\" \/>\n<meta property=\"og:url\" content=\"https:\/\/roadwin.eu\/de\/garantija\/\" \/>\n<meta property=\"og:site_name\" content=\"Roadwin\" \/>\n<meta property=\"article:modified_time\" content=\"2025-06-09T11:03:59+00:00\" \/>\n<meta property=\"og:image\" content=\"https:\/\/roadwin.eu\/wp-content\/uploads\/2025\/06\/3-jahre.png\" \/>\n\t<meta property=\"og:image:width\" content=\"1850\" \/>\n\t<meta property=\"og:image:height\" content=\"1223\" \/>\n\t<meta property=\"og:image:type\" content=\"image\/png\" \/>\n<meta name=\"twitter:card\" content=\"summary_large_image\" \/>\n<meta name=\"twitter:label1\" content=\"Gesch\u00e4tzte Lesezeit\" \/>\n\t<meta name=\"twitter:data1\" content=\"3\u00a0Minuten\" \/>\n<script type=\"application\/ld+json\" class=\"yoast-schema-graph\">{\"@context\":\"https:\/\/schema.org\",\"@graph\":[{\"@type\":\"WebPage\",\"@id\":\"https:\/\/roadwin.eu\/de\/garantija\/\",\"url\":\"https:\/\/roadwin.eu\/de\/garantija\/\",\"name\":\"Garantie - Roadwin\",\"isPartOf\":{\"@id\":\"https:\/\/roadwin.eu\/#website\"},\"primaryImageOfPage\":{\"@id\":\"https:\/\/roadwin.eu\/de\/garantija\/#primaryimage\"},\"image\":{\"@id\":\"https:\/\/roadwin.eu\/de\/garantija\/#primaryimage\"},\"thumbnailUrl\":\"https:\/\/roadwin.eu\/wp-content\/uploads\/2025\/06\/3-jahre-300x198.png\",\"datePublished\":\"2025-05-26T06:12:50+00:00\",\"dateModified\":\"2025-06-09T11:03:59+00:00\",\"breadcrumb\":{\"@id\":\"https:\/\/roadwin.eu\/de\/garantija\/#breadcrumb\"},\"inLanguage\":\"de\",\"potentialAction\":[{\"@type\":\"ReadAction\",\"target\":[\"https:\/\/roadwin.eu\/de\/garantija\/\"]}]},{\"@type\":\"ImageObject\",\"inLanguage\":\"de\",\"@id\":\"https:\/\/roadwin.eu\/de\/garantija\/#primaryimage\",\"url\":\"https:\/\/roadwin.eu\/wp-content\/uploads\/2025\/06\/3-jahre-300x198.png\",\"contentUrl\":\"https:\/\/roadwin.eu\/wp-content\/uploads\/2025\/06\/3-jahre-300x198.png\"},{\"@type\":\"BreadcrumbList\",\"@id\":\"https:\/\/roadwin.eu\/de\/garantija\/#breadcrumb\",\"itemListElement\":[{\"@type\":\"ListItem\",\"position\":1,\"name\":\"Home\",\"item\":\"https:\/\/roadwin.eu\/de\/\"},{\"@type\":\"ListItem\",\"position\":2,\"name\":\"Garantie\"}]},{\"@type\":\"WebSite\",\"@id\":\"https:\/\/roadwin.eu\/#website\",\"url\":\"https:\/\/roadwin.eu\/\",\"name\":\"Roadwin\",\"description\":\"\",\"publisher\":{\"@id\":\"https:\/\/roadwin.eu\/#organization\"},\"potentialAction\":[{\"@type\":\"SearchAction\",\"target\":{\"@type\":\"EntryPoint\",\"urlTemplate\":\"https:\/\/roadwin.eu\/?s={search_term_string}\"},\"query-input\":{\"@type\":\"PropertyValueSpecification\",\"valueRequired\":true,\"valueName\":\"search_term_string\"}}],\"inLanguage\":\"de\"},{\"@type\":\"Organization\",\"@id\":\"https:\/\/roadwin.eu\/#organization\",\"name\":\"Jupojos Technika\",\"url\":\"https:\/\/roadwin.eu\/\",\"logo\":{\"@type\":\"ImageObject\",\"inLanguage\":\"de\",\"@id\":\"https:\/\/roadwin.eu\/#\/schema\/logo\/image\/\",\"url\":\"http:\/\/roadwin.eu\/wp-content\/uploads\/2021\/04\/logo.png\",\"contentUrl\":\"http:\/\/roadwin.eu\/wp-content\/uploads\/2021\/04\/logo.png\",\"width\":345,\"height\":39,\"caption\":\"Jupojos Technika\"},\"image\":{\"@id\":\"https:\/\/roadwin.eu\/#\/schema\/logo\/image\/\"}}]}<\/script>\n<!-- \/ Yoast SEO plugin. -->","yoast_head_json":{"title":"Garantie - Roadwin","robots":{"index":"index","follow":"follow","max-snippet":"max-snippet:-1","max-image-preview":"max-image-preview:large","max-video-preview":"max-video-preview:-1"},"canonical":"https:\/\/roadwin.eu\/de\/garantija\/","og_locale":"de_DE","og_type":"article","og_title":"Garantie - Roadwin","og_description":"3-J\u00c4HRIGE HERSTELLERGARANTIE 1. G\u00fcltigkeit der Garantie ROADWIN gew\u00e4hrt eine 3-j\u00e4hrige Herstellergarantie auf alle ROADWIN-Ersatzteile, die ab dem 1. Mai 2025 gekauft wurden. Die Garantie gilt f\u00fcr H\u00e4ndler, Werkst\u00e4tten sowie Fahrzeughalter, die das Teil gekauft und eingebaut haben. Die Garantiefrist beginnt mit dem Einbaudatum im Fahrzeug oder \u2013 falls dieses unbekannt ist \u2013 mit dem Kaufdatum....","og_url":"https:\/\/roadwin.eu\/de\/garantija\/","og_site_name":"Roadwin","article_modified_time":"2025-06-09T11:03:59+00:00","og_image":[{"width":1850,"height":1223,"url":"https:\/\/roadwin.eu\/wp-content\/uploads\/2025\/06\/3-jahre.png","type":"image\/png"}],"twitter_card":"summary_large_image","twitter_misc":{"Gesch\u00e4tzte Lesezeit":"3\u00a0Minuten"},"schema":{"@context":"https:\/\/schema.org","@graph":[{"@type":"WebPage","@id":"https:\/\/roadwin.eu\/de\/garantija\/","url":"https:\/\/roadwin.eu\/de\/garantija\/","name":"Garantie - Roadwin","isPartOf":{"@id":"https:\/\/roadwin.eu\/#website"},"primaryImageOfPage":{"@id":"https:\/\/roadwin.eu\/de\/garantija\/#primaryimage"},"image":{"@id":"https:\/\/roadwin.eu\/de\/garantija\/#primaryimage"},"thumbnailUrl":"https:\/\/roadwin.eu\/wp-content\/uploads\/2025\/06\/3-jahre-300x198.png","datePublished":"2025-05-26T06:12:50+00:00","dateModified":"2025-06-09T11:03:59+00:00","breadcrumb":{"@id":"https:\/\/roadwin.eu\/de\/garantija\/#breadcrumb"},"inLanguage":"de","potentialAction":[{"@type":"ReadAction","target":["https:\/\/roadwin.eu\/de\/garantija\/"]}]},{"@type":"ImageObject","inLanguage":"de","@id":"https:\/\/roadwin.eu\/de\/garantija\/#primaryimage","url":"https:\/\/roadwin.eu\/wp-content\/uploads\/2025\/06\/3-jahre-300x198.png","contentUrl":"https:\/\/roadwin.eu\/wp-content\/uploads\/2025\/06\/3-jahre-300x198.png"},{"@type":"BreadcrumbList","@id":"https:\/\/roadwin.eu\/de\/garantija\/#breadcrumb","itemListElement":[{"@type":"ListItem","position":1,"name":"Home","item":"https:\/\/roadwin.eu\/de\/"},{"@type":"ListItem","position":2,"name":"Garantie"}]},{"@type":"WebSite","@id":"https:\/\/roadwin.eu\/#website","url":"https:\/\/roadwin.eu\/","name":"Roadwin","description":"","publisher":{"@id":"https:\/\/roadwin.eu\/#organization"},"potentialAction":[{"@type":"SearchAction","target":{"@type":"EntryPoint","urlTemplate":"https:\/\/roadwin.eu\/?s={search_term_string}"},"query-input":{"@type":"PropertyValueSpecification","valueRequired":true,"valueName":"search_term_string"}}],"inLanguage":"de"},{"@type":"Organization","@id":"https:\/\/roadwin.eu\/#organization","name":"Jupojos Technika","url":"https:\/\/roadwin.eu\/","logo":{"@type":"ImageObject","inLanguage":"de","@id":"https:\/\/roadwin.eu\/#\/schema\/logo\/image\/","url":"http:\/\/roadwin.eu\/wp-content\/uploads\/2021\/04\/logo.png","contentUrl":"http:\/\/roadwin.eu\/wp-content\/uploads\/2021\/04\/logo.png","width":345,"height":39,"caption":"Jupojos Technika"},"image":{"@id":"https:\/\/roadwin.eu\/#\/schema\/logo\/image\/"}}]}},"_links":{"self":[{"href":"https:\/\/roadwin.eu\/de\/wp-json\/wp\/v2\/pages\/21944","targetHints":{"allow":["GET"]}}],"collection":[{"href":"https:\/\/roadwin.eu\/de\/wp-json\/wp\/v2\/pages"}],"about":[{"href":"https:\/\/roadwin.eu\/de\/wp-json\/wp\/v2\/types\/page"}],"author":[{"embeddable":true,"href":"https:\/\/roadwin.eu\/de\/wp-json\/wp\/v2\/users\/2"}],"replies":[{"embeddable":true,"href":"https:\/\/roadwin.eu\/de\/wp-json\/wp\/v2\/comments?post=21944"}],"version-history":[{"count":10,"href":"https:\/\/roadwin.eu\/de\/wp-json\/wp\/v2\/pages\/21944\/revisions"}],"predecessor-version":[{"id":22093,"href":"https:\/\/roadwin.eu\/de\/wp-json\/wp\/v2\/pages\/21944\/revisions\/22093"}],"wp:attachment":[{"href":"https:\/\/roadwin.eu\/de\/wp-json\/wp\/v2\/media?parent=21944"}],"curies":[{"name":"wp","href":"https:\/\/api.w.org\/{rel}","templated":true}]}}